{"id":555,"date":"2022-12-25T12:07:49","date_gmt":"2022-12-25T09:07:49","guid":{"rendered":"https:\/\/bolez.com.tr\/?page_id=555"},"modified":"2023-03-16T11:04:29","modified_gmt":"2023-03-16T08:04:29","slug":"kulucka","status":"publish","type":"page","link":"https:\/\/bolez.com.tr\/en\/ege-tav\/kulucka\/","title":{"rendered":"Hatchery"},"content":{"rendered":"<div data-elementor-type=\"wp-page\" data-elementor-id=\"555\" class=\"elementor elementor-555\">\n\t\t\t\t<div class=\"elementor-element elementor-element-cec2a44 e-con-full e-flex e-con e-parent\" data-id=\"cec2a44\" data-element_type=\"container\" data-e-type=\"container\">\n\t\t\t\t<div class=\"elementor-element elementor-element-f8242d9 elementor-widget elementor-widget-image\" data-id=\"f8242d9\" data-element_type=\"widget\" data-e-type=\"widget\" data-widget_type=\"image.default\">\n\t\t\t\t<div class=\"elementor-widget-container\">\n\t\t\t\t\t\t\t\t\t\t\t\t\t\t\t<img fetchpriority=\"high\" decoding=\"async\" width=\"1409\" height=\"314\" src=\"https:\/\/bolez.com.tr\/wp-content\/uploads\/2023\/01\/kulucka.jpg\" class=\"attachment-full size-full wp-image-2225\" alt=\"\" srcset=\"https:\/\/bolez.com.tr\/wp-content\/uploads\/2023\/01\/kulucka.jpg 1409w, https:\/\/bolez.com.tr\/wp-content\/uploads\/2023\/01\/kulucka-300x67.jpg 300w, https:\/\/bolez.com.tr\/wp-content\/uploads\/2023\/01\/kulucka-1024x228.jpg 1024w, https:\/\/bolez.com.tr\/wp-content\/uploads\/2023\/01\/kulucka-768x171.jpg 768w\" sizes=\"(max-width: 1409px) 100vw, 1409px\" \/>\t\t\t\t\t\t\t\t\t\t\t\t\t\t\t<\/div>\n\t\t\t\t<\/div>\n\t\t\t\t<\/div>\n\t\t<div class=\"elementor-element elementor-element-459a43c1 e-con-full e-flex e-con e-parent\" data-id=\"459a43c1\" data-element_type=\"container\" data-e-type=\"container\">\n\t\t<div class=\"elementor-element elementor-element-7a65a9a4 e-con-full elementor-hidden-tablet elementor-hidden-mobile e-flex e-con e-parent\" data-id=\"7a65a9a4\" data-element_type=\"container\" data-e-type=\"container\" data-settings=\"{&quot;background_background&quot;:&quot;classic&quot;}\">\n\t\t\t\t<div class=\"elementor-element elementor-element-b775f2 elementor-widget elementor-widget-heading\" data-id=\"b775f2\" data-element_type=\"widget\" data-e-type=\"widget\" data-widget_type=\"heading.default\">\n\t\t\t\t<div class=\"elementor-widget-container\">\n\t\t\t\t\t<h3 class=\"elementor-heading-title elementor-size-default\">Ege-Tav<\/h3>\t\t\t\t<\/div>\n\t\t\t\t<\/div>\n\t\t\t\t<div class=\"elementor-element elementor-element-3b94c46 elementor-widget elementor-widget-ekit-nav-menu\" data-id=\"3b94c46\" data-element_type=\"widget\" data-e-type=\"widget\" data-widget_type=\"ekit-nav-menu.default\">\n\t\t\t\t<div class=\"elementor-widget-container\">\n\t\t\t\t\t\t\t<nav class=\"ekit-wid-con ekit_menu_responsive_mobile\"\n\t\t\tdata-hamburger-icon=\"\"\n\t\t\tdata-hamburger-icon-type=\"icon\"\n\t\t\tdata-responsive-breakpoint=\"767\">\n\t\t\t            <button class=\"elementskit-menu-hamburger elementskit-menu-toggler\"  type=\"button\" aria-label=\"hamburger-icon\">\n                                    <span class=\"elementskit-menu-hamburger-icon\"><\/span><span class=\"elementskit-menu-hamburger-icon\"><\/span><span class=\"elementskit-menu-hamburger-icon\"><\/span>\n                            <\/button>\n            <div id=\"ekit-megamenu-ege-tav-hakkinda\" class=\"elementskit-menu-container elementskit-menu-offcanvas-elements elementskit-navbar-nav-default ekit-nav-menu-one-page-yes ekit-nav-dropdown-hover\"><ul id=\"menu-ege-tav-hakkinda\" class=\"elementskit-navbar-nav elementskit-menu-po-left submenu-click-on-icon\"><li id=\"menu-item-590\" class=\"menu-item menu-item-type-post_type menu-item-object-page menu-item-590 nav-item elementskit-mobile-builder-content\" data-vertical-menu=\"750px\"><a href=\"https:\/\/bolez.com.tr\/en\/ege-tav\/\" class=\"ekit-menu-nav-link\">About Us<\/a><\/li>\n<li id=\"menu-item-592\" class=\"menu-item menu-item-type-post_type menu-item-object-page menu-item-592 nav-item elementskit-mobile-builder-content\" data-vertical-menu=\"750px\"><a href=\"https:\/\/bolez.com.tr\/en\/ege-tav\/damizlik\/\" class=\"ekit-menu-nav-link\">Breeder<\/a><\/li>\n<li id=\"menu-item-593\" class=\"menu-item menu-item-type-post_type menu-item-object-page menu-item-593 nav-item elementskit-mobile-builder-content\" data-vertical-menu=\"750px\"><a href=\"https:\/\/bolez.com.tr\/en\/ege-tav\/kulucka\/\" class=\"ekit-menu-nav-link\">Hatchery<\/a><\/li>\n<li id=\"menu-item-591\" class=\"menu-item menu-item-type-post_type menu-item-object-page menu-item-591 nav-item elementskit-mobile-builder-content\" data-vertical-menu=\"750px\"><a href=\"https:\/\/bolez.com.tr\/en\/ege-tav\/yem\/\" class=\"ekit-menu-nav-link\">Feed<\/a><\/li>\n<li id=\"menu-item-594\" class=\"menu-item menu-item-type-post_type menu-item-object-page menu-item-594 nav-item elementskit-mobile-builder-content\" data-vertical-menu=\"750px\"><a href=\"https:\/\/bolez.com.tr\/en\/ege-tav\/ihracat\/\" class=\"ekit-menu-nav-link\">Export<\/a><\/li>\n<\/ul><div class=\"elementskit-nav-identity-panel\"><button class=\"elementskit-menu-close elementskit-menu-toggler\" type=\"button\">X<\/button><\/div><\/div>\n\t\t\t<div class=\"elementskit-menu-overlay elementskit-menu-offcanvas-elements elementskit-menu-toggler ekit-nav-menu--overlay\"><\/div>        <\/nav>\n\t\t\t\t\t\t<\/div>\n\t\t\t\t<\/div>\n\t\t\t\t<\/div>\n\t\t<div class=\"elementor-element elementor-element-430922fb e-con-full e-flex e-con e-parent\" data-id=\"430922fb\" data-element_type=\"container\" data-e-type=\"container\">\n\t\t\t\t<div class=\"elementor-element elementor-element-7d4b935a elementor-widget elementor-widget-heading\" data-id=\"7d4b935a\" data-element_type=\"widget\" data-e-type=\"widget\" data-widget_type=\"heading.default\">\n\t\t\t\t<div class=\"elementor-widget-container\">\n\t\t\t\t\t<h2 class=\"elementor-heading-title elementor-size-default\">Kulu\u00e7kahane<\/h2>\t\t\t\t<\/div>\n\t\t\t\t<\/div>\n\t\t\t\t<div class=\"elementor-element elementor-element-133e10f6 elementor-widget__width-initial elementor-widget elementor-widget-text-editor\" data-id=\"133e10f6\" data-element_type=\"widget\" data-e-type=\"widget\" data-widget_type=\"text-editor.default\">\n\t\t\t\t<div class=\"elementor-widget-container\">\n\t\t\t\t\t\t\t\t\t<p><strong>Hatchery<\/strong><\/p><p>Ege-Tav A.S. It produces approximately 120 000 000 broiler chicks annually in 4 separate hatcheries with a weekly capacity of 2 841 600 hatching eggs.<\/p><p>Within the framework of biosecurity measures, our hatcheries were established in separate regions, namely Aegean and Marmara. All hatchery machines are based on 'all in - all out' production.<\/p>\t\t\t\t\t\t\t\t<\/div>\n\t\t\t\t<\/div>\n\t\t\t\t<\/div>\n\t\t\t\t<\/div>\n\t\t\t\t<\/div>","protected":false},"excerpt":{"rendered":"<p>Ege-Tav Hakk\u0131nda Dam\u0131zl\u0131k Kulu\u00e7ka Yem \u0130hracat X Kulu\u00e7kahane Kulu\u00e7kahaneler Ege-Tav A.\u015e. haftal\u0131k 2 841 600\u00a0 adet kulu\u00e7kal\u0131k yumurta kapasitesine sahip 4 ayr\u0131 kulu\u00e7kahanede y\u0131ll\u0131k yakla\u015f\u0131k 120 000 000 \u00a0etlik civciv \u00fcretmektedir. Biyog\u00fcvenlik \u00f6nlemleri \u00e7er\u00e7evesinde, kulu\u00e7kahanelerimiz Ege ve Marmara \u00a0olmak \u00fczere birbirinden ayr\u0131 b\u00f6lgelerde kurulmu\u015flard\u0131r. B\u00fct\u00fcn kulu\u00e7kahane makineleri \u2018hepsi i\u00e7eri &#8211; hepsi d\u0131\u015far\u0131\u2019 \u00fcretim esas\u0131na dayanmaktad\u0131r.<\/p>","protected":false},"author":2,"featured_media":0,"parent":539,"menu_order":0,"comment_status":"closed","ping_status":"closed","template":"","meta":{"footnotes":""},"class_list":["post-555","page","type-page","status-publish","hentry"],"blocksy_meta":{"styles_descriptor":{"styles":{"desktop":"","tablet":"","mobile":""},"google_fonts":[],"version":6},"page_title_panel":"","has_hero_section":"disabled","3201775c7a89f86aba9304648fa69a21":"","hero_section":"type-1","hero_elements":[{"id":"custom_title","enabled":true,"heading_tag":"h1","title":"Home"},{"id":"custom_description","enabled":true,"description_visibility":{"desktop":true,"tablet":true,"mobile":false}},{"id":"custom_meta","enabled":false,"meta_elements":[{"id":"author","enabled":true,"label":"By","has_author_avatar":"yes","avatar_size":25},{"id":"post_date","enabled":true,"label":"On","date_format_source":"default","date_format":"M j, Y"},{"id":"updated_date","enabled":false,"label":"On","date_format_source":"default","date_format":"M j, Y"},{"id":"categories","enabled":false,"label":"In","style":"simple"},{"id":"comments","enabled":true}],"page_meta_elements":{"joined":true,"articles_count":true,"comments":true}},{"id":"breadcrumbs","enabled":false}],"da746116d3fe440e35a74c03a9c832b1":"","hero_alignment1":"CT_CSS_SKIP_RULE","hero_margin":40,"hero_alignment2":"center","hero_vertical_alignment":"center","181975454d8aa2ae1f97052623cb31d0":"","hero_structure":"narrow","5f258d58f59c137d3dd2dfc011969628":"","page_title_bg_type":"featured_image","custom_hero_background":{"attachment_id":null},"page_title_image_size":"full","parallax":{"desktop":false,"tablet":false,"mobile":false},"83307eb1ca60fafc26c84edbff840c69":"","hero_height":"250px","pageTitleFont":{"family":"Default","variation":"Default","size":"30px","line-height":"CT_CSS_SKIP_RULE","letter-spacing":"CT_CSS_SKIP_RULE","text-transform":"CT_CSS_SKIP_RULE","text-decoration":"CT_CSS_SKIP_RULE"},"pageTitleFontColor":{"default":{"color":"CT_CSS_SKIP_RULEDEFAULT"}},"pageMetaFont":{"family":"Default","variation":"n6","size":"12px","line-height":"1.3","letter-spacing":"CT_CSS_SKIP_RULE","text-transform":"uppercase","text-decoration":"CT_CSS_SKIP_RULE"},"pageMetaFontColor":{"default":{"color":"CT_CSS_SKIP_RULEDEFAULT"},"hover":{"color":"CT_CSS_SKIP_RULEDEFAULT"}},"page_meta_button_type_font_colors":{"default":{"color":"CT_CSS_SKIP_RULEDEFAULT"},"hover":{"color":"CT_CSS_SKIP_RULEDEFAULT"}},"page_meta_button_type_background_colors":{"default":{"color":"CT_CSS_SKIP_RULEDEFAULT"},"hover":{"color":"CT_CSS_SKIP_RULEDEFAULT"}},"pageExcerptFont":{"family":"Default","variation":"Default","size":"CT_CSS_SKIP_RULE","line-height":"CT_CSS_SKIP_RULE","letter-spacing":"CT_CSS_SKIP_RULE","text-transform":"CT_CSS_SKIP_RULE","text-decoration":"CT_CSS_SKIP_RULE"},"pageExcerptColor":{"default":{"color":"CT_CSS_SKIP_RULEDEFAULT"}},"breadcrumbsFont":{"family":"Default","variation":"Default","size":"CT_CSS_SKIP_RULE","line-height":"CT_CSS_SKIP_RULE","letter-spacing":"CT_CSS_SKIP_RULE","text-transform":"CT_CSS_SKIP_RULE","text-decoration":"CT_CSS_SKIP_RULE"},"breadcrumbsFontColor":{"default":{"color":"CT_CSS_SKIP_RULEDEFAULT"},"initial":{"color":"CT_CSS_SKIP_RULEDEFAULT"},"hover":{"color":"CT_CSS_SKIP_RULEDEFAULT"}},"pageTitleOverlay":{"background_type":"color","background_pattern":"type-1","background_image":{"attachment_id":null,"x":0,"y":0},"gradient":"linear-gradient(135deg,rgba(6,147,227,1) 0%,rgb(155,81,224) 100%)","background_repeat":"repeat","background_size":"auto","background_attachment":"scroll","patternColor":{"default":{"color":"#e5e7ea"}},"overlayColor":{"default":{"color":"CT_CSS_SKIP_RULE"}},"backgroundColor":{"default":{"color":"CT_CSS_SKIP_RULE"}}},"pageTitleBackground":{"background_type":"color","background_pattern":"type-1","background_image":{"attachment_id":null,"x":0,"y":0},"gradient":"linear-gradient(135deg,rgba(6,147,227,1) 0%,rgb(155,81,224) 100%)","background_repeat":"repeat","background_size":"auto","background_attachment":"scroll","patternColor":{"default":{"color":"#e5e7ea"}},"overlayColor":{"default":{"color":"CT_CSS_SKIP_RULE"}},"backgroundColor":{"default":{"color":"var(--theme-palette-color-6)"}}},"pageTitlePadding":{"top":"50px","bottom":"50px","left":"auto","right":"auto","linked":true},"57b62c439ba492c8268ac3d84ffa8526":"","page_structure_type":"default","9a0b858fa1ae3dcedd9d6fe6408184fa":"","content_style_source":"inherit","content_style":"wide","vertical_spacing_source":"custom","content_area_spacing":"both","background":{"background_type":"color","background_pattern":"type-1","background_image":{"attachment_id":null,"x":0,"y":0},"gradient":"linear-gradient(135deg,rgba(6,147,227,1) 0%,rgb(155,81,224) 100%)","background_repeat":"repeat","background_size":"auto","background_attachment":"scroll","patternColor":{"default":{"color":"#e5e7ea"}},"overlayColor":{"default":{"color":"CT_CSS_SKIP_RULE"}},"backgroundColor":{"default":{"color":"CT_CSS_SKIP_RULE"}}},"content_background":{"background_type":"color","background_pattern":"type-1","background_image":{"attachment_id":null,"x":0,"y":0},"gradient":"linear-gradient(135deg,rgba(6,147,227,1) 0%,rgb(155,81,224) 100%)","background_repeat":"repeat","background_size":"auto","background_attachment":"scroll","patternColor":{"default":{"color":"#e5e7ea"}},"overlayColor":{"default":{"color":"CT_CSS_SKIP_RULE"}},"backgroundColor":{"default":{"color":"var(--theme-palette-color-8)"}}},"content_boxed_shadow":{"inherit":false,"blur":18,"spread":-6,"v_offset":12,"h_offset":0,"inset":false,"enable":true,"color":{"color":"rgba(34, 56, 101, 0.04)"}},"content_boxed_border":{"width":1,"style":"none","color":{"color":"rgba(44,62,80,0.2)"}},"content_boxed_radius":{"top":"3px","bottom":"3px","left":"3px","right":"3px","linked":true},"boxed_content_spacing":{"desktop":{"top":"40px","bottom":"40px","left":"40px","right":"40px","linked":true},"tablet":{"top":"35px","bottom":"35px","left":"35px","right":"35px","linked":true},"mobile":{"top":"20px","bottom":"20px","left":"20px","right":"20px","linked":true}},"b6048bdb9d19203e75d1e3235c05305b":"","disable_featured_image":"no","disable_share_box":"no","disable_header":"no","disable_footer":"no"},"_links":{"self":[{"href":"https:\/\/bolez.com.tr\/en\/wp-json\/wp\/v2\/pages\/555","targetHints":{"allow":["GET"]}}],"collection":[{"href":"https:\/\/bolez.com.tr\/en\/wp-json\/wp\/v2\/pages"}],"about":[{"href":"https:\/\/bolez.com.tr\/en\/wp-json\/wp\/v2\/types\/page"}],"author":[{"embeddable":true,"href":"https:\/\/bolez.com.tr\/en\/wp-json\/wp\/v2\/users\/2"}],"replies":[{"embeddable":true,"href":"https:\/\/bolez.com.tr\/en\/wp-json\/wp\/v2\/comments?post=555"}],"version-history":[{"count":0,"href":"https:\/\/bolez.com.tr\/en\/wp-json\/wp\/v2\/pages\/555\/revisions"}],"up":[{"embeddable":true,"href":"https:\/\/bolez.com.tr\/en\/wp-json\/wp\/v2\/pages\/539"}],"wp:attachment":[{"href":"https:\/\/bolez.com.tr\/en\/wp-json\/wp\/v2\/media?parent=555"}],"curies":[{"name":"wp","href":"https:\/\/api.w.org\/{rel}","templated":true}]}}