{"id":3436,"date":"2024-03-21T16:49:38","date_gmt":"2024-03-21T13:49:38","guid":{"rendered":"https:\/\/bolez.com.tr\/?page_id=3436"},"modified":"2024-03-21T16:50:08","modified_gmt":"2024-03-21T13:50:08","slug":"cerez-politikasi","status":"publish","type":"page","link":"https:\/\/bolez.com.tr\/en\/cerez-politikasi\/","title":{"rendered":"\u00c7erez Politikas\u0131"},"content":{"rendered":"<div data-elementor-type=\"wp-page\" data-elementor-id=\"3436\" class=\"elementor elementor-3436\">\n\t\t\t\t<div class=\"elementor-element elementor-element-cec2a44 e-con-full e-flex e-con e-parent\" data-id=\"cec2a44\" data-element_type=\"container\" data-e-type=\"container\">\n\t\t\t\t<div class=\"elementor-element elementor-element-f8242d9 elementor-widget elementor-widget-image\" data-id=\"f8242d9\" data-element_type=\"widget\" data-e-type=\"widget\" data-widget_type=\"image.default\">\n\t\t\t\t<div class=\"elementor-widget-container\">\n\t\t\t\t\t\t\t\t\t\t\t\t\t\t\t<img fetchpriority=\"high\" decoding=\"async\" width=\"1409\" height=\"313\" src=\"https:\/\/bolez.com.tr\/wp-content\/uploads\/2023\/01\/Bolez-Hakkimizda.jpg\" class=\"attachment-full size-full wp-image-2140\" alt=\"\" srcset=\"https:\/\/bolez.com.tr\/wp-content\/uploads\/2023\/01\/Bolez-Hakkimizda.jpg 1409w, https:\/\/bolez.com.tr\/wp-content\/uploads\/2023\/01\/Bolez-Hakkimizda-300x67.jpg 300w, https:\/\/bolez.com.tr\/wp-content\/uploads\/2023\/01\/Bolez-Hakkimizda-1024x227.jpg 1024w, https:\/\/bolez.com.tr\/wp-content\/uploads\/2023\/01\/Bolez-Hakkimizda-768x171.jpg 768w\" sizes=\"(max-width: 1409px) 100vw, 1409px\" \/>\t\t\t\t\t\t\t\t\t\t\t\t\t\t\t<\/div>\n\t\t\t\t<\/div>\n\t\t\t\t<\/div>\n\t\t<div class=\"elementor-element elementor-element-3b53496 e-flex e-con-boxed e-con e-parent\" data-id=\"3b53496\" data-element_type=\"container\" data-e-type=\"container\">\n\t\t\t\t\t<div class=\"e-con-inner\">\n\t\t\t\t<div class=\"elementor-element elementor-element-add14a2 elementor-widget elementor-widget-text-editor\" data-id=\"add14a2\" data-element_type=\"widget\" data-e-type=\"widget\" data-widget_type=\"text-editor.default\">\n\t\t\t\t<div class=\"elementor-widget-container\">\n\t\t\t\t\t\t\t\t\t<p><strong>\u00c7erez Politikas\u0131<\/strong><\/p><p>EGE-TAV EGE TARIM HAYVANCILIK YATIRIM T\u0130C.VE SAN. A.\u015e. (Bundan sonra &#8220;<strong>\u015eirket<\/strong>&#8221; olarak an\u0131lacakt\u0131r) olarak; ki\u015fisel verilerinizin gizlili\u011fi ve g\u00fcvenli\u011fi en \u00f6nemli \u00f6nceliklerimiz aras\u0131ndad\u0131r. Bu kapsamda 6698 say\u0131l\u0131 Ki\u015fisel Verilerin Korunmas\u0131 Kanunu\u2019nun (Bundan sonra &#8220;<strong>KVKK<\/strong>&#8221; olarak an\u0131lacakt\u0131r) 10. maddesinden do\u011fan ayd\u0131nlatma y\u00fck\u00fcml\u00fcl\u00fc\u011f\u00fcm\u00fcz\u00fc yerine getirmek amac\u0131yla \u00c7erez Politikam\u0131z\u0131 bilgilerinize sunar\u0131z.\u00a0\u00a0<\/p><p>\u00a0<\/p><p><strong>Veri Sorumlusu Kimli\u011fi Nedir?<\/strong><\/p><p>\u0130\u015fbu \u00c7erez Politikas\u0131nda belirtilmi\u015f olan bilgiler ve i\u015fbu ki\u015fisel verilerin i\u015flenmesinde \u00a0EGE-TAV EGE TARIM HAYVANCILIK YATIRIM T\u0130C.VE SAN. A.\u015e. olarak 6698 say\u0131l\u0131 Ki\u015fisel Verilerin Korunmas\u0131 Kanunu ve ilgili sair mevzuat kapsam\u0131nda, veri sorumlusu s\u0131fat\u0131 ile i\u015fledi\u011fimizi taraf\u0131n\u0131za bildiriyoruz.\u00a0<\/p><p><strong>\u00a0<\/strong><\/p><p><strong>VER\u0130 SORUMLUSU:<\/strong> EGE-TAV EGE AGRICULTURE LIVE STOCK INVESTMENT TRADE AND INDUSTRY INC.<\/p><p><strong>ADRES:<\/strong> Bornova Kaz\u0131m Dirik Mah. 296 Sk. No:8 Folkart Time 1. Blok 1. Kat Kap\u0131 No: 103, D:109 Bornova\/\u0130zmir<\/p><p><strong>YAZI\u015eMA ADRES\u0130:<\/strong> kvkk@ege-tav.com.tr<\/p><p><strong>\u00c7erezler ve Toplama Y\u00f6ntemleri Nelerdir?\u202f\u202f\u00a0<\/strong><\/p><p>Ki\u015fisel verilerinizi, \u00e7erezleri kullanarak elektronik olarak otomatik y\u00f6ntemlerle toplanmaktad\u0131r.<\/p><p>\u00c7erezler, bir internet sitesini ziyaret etti\u011finiz zaman bilgisayar veya mobil cihaz\u0131n\u0131zda saklanan ve s\u00f6z konusu cihaz\u0131n tespit edilmesine olanak sa\u011flayan, \u00e7o\u011funlukla harf veya say\u0131lardan olu\u015fan k\u00fc\u00e7\u00fck metin dosyalar\u0131d\u0131r.\u202f\u202f\u00a0<\/p><p>\u00a0<\/p><p><strong>Sitemizde Kullan\u0131lan \u00c7erez T\u00fcrleri ve Detaylar\u0131 Nelerdir?<\/strong><\/p><p>\u0130nternet sitesinin ziyaret\u00e7ileri ve kullan\u0131c\u0131lar\u0131 ile ilgili \u00e7erezler i\u015flenmektedir. Bununla birlikte internet sitemiz \u00fczerinde birinci taraf \u00e7erezler (do\u011frudan bizim taraf\u0131m\u0131zdan yerle\u015ftirilen) kullan\u0131lmamaktad\u0131r. Sadece a\u015fa\u011f\u0131daki tabloda g\u00f6rece\u011finiz \u00fczere \u00fc\u00e7\u00fcnc\u00fc taraf \u00e7erezler (bizim haricimizdeki sunucular taraf\u0131ndan yerle\u015ftirilen) kullan\u0131lmaktad\u0131r. \u00dc\u00e7\u00fcnc\u00fc taraf \u00e7erezlerin i\u015fleme ama\u00e7lar\u0131 ile ilgili daha detayl\u0131 bilgi i\u00e7in l\u00fctfen \u00fc\u00e7\u00fcnc\u00fc taraf sitelerinin gizlilik politikalar\u0131n\u0131 da inceleyiniz. \u00dc\u00e7\u00fcnc\u00fc taraf \u00e7erez sa\u011flay\u0131c\u0131lar\u0131n\u0131n \u00e7al\u0131\u015fma \u015fekillerini de\u011fi\u015ftirebildiklerini, sorumlulu\u011fumuzun s\u0131n\u0131rl\u0131 oldu\u011funu hat\u0131rlat\u0131r\u0131z. Bu \u00e7erezler arac\u0131l\u0131\u011f\u0131yla toplanan ki\u015fisel verileriniz a\u00e7\u0131k r\u0131za hukuki sebebi kapsam\u0131nda i\u015flenmektedir.<\/p><p>\u00a0<\/p><table width=\"0\"><tbody><tr><td width=\"109\"><p><strong>\u00c7erez Kullan\u0131lan Site<\/strong><\/p><\/td><td width=\"83\"><p><strong>\u00c7erez Ad\u0131<\/strong><\/p><\/td><td width=\"130\"><p><strong>\u00c7erez T\u00fcr\u00fc<\/strong><\/p><\/td><td width=\"75\"><p><strong>Sa\u011flay\u0131c\u0131s\u0131<\/strong><\/p><\/td><td width=\"65\"><p><strong>Saklama S\u00fcresi<\/strong><\/p><\/td><td width=\"183\"><p><strong>\u00c7erezin Kullan\u0131m Amac\u0131<\/strong><\/p><\/td><\/tr><tr><td width=\"109\"><p><blockquote class=\"wp-embedded-content\" data-secret=\"CcMUhpon9b\"><a href=\"https:\/\/bolez.com.tr\/en\/\">Anasayfa<\/a><\/blockquote><iframe class=\"wp-embedded-content\" sandbox=\"allow-scripts\" security=\"restricted\" style=\"position: absolute; clip: rect(1px, 1px, 1px, 1px);\" title=\"&#8220;Anasayfa&#8221; &#8212; Bolez\" src=\"https:\/\/bolez.com.tr\/embed\/#?secret=18TabnzZhc#?secret=CcMUhpon9b\" data-secret=\"CcMUhpon9b\" width=\"600\" height=\"338\" frameborder=\"0\" marginwidth=\"0\" marginheight=\"0\" scrolling=\"no\"><\/iframe><\/p><\/td><td width=\"83\"><p>Google Analytics<\/p><p>\u00a0<\/p><\/td><td width=\"130\"><p><strong>1-Kullan\u0131m Amac\u0131na G\u00f6re<\/strong>:<\/p><p>\u25cf\u00a0\u00a0\u00a0\u00a0\u00a0\u00a0\u00a0 Performans Analitik<\/p><p>\u200b<\/p><p><strong>2-S\u00fcresine G\u00f6re:<\/strong><\/p><p>\u25cf\u00a0\u00a0\u00a0\u00a0\u00a0\u00a0\u00a0 Oturum<\/p><p>\u00a0<\/p><p><strong>3-Sa\u011flay\u0131c\u0131s\u0131na G\u00f6re:<\/strong><\/p><p>\u25cf\u00a0\u00a0\u00a0\u00a0\u00a0\u00a0\u00a0 \u200b \u00dc\u00e7\u00fcnc\u00fc taraf<\/p><p><strong>\u00a0<\/strong><\/p><\/td><td width=\"75\"><p>Google<\/p><\/td><td width=\"65\"><p>2 y\u0131l<\/p><p>\u00a0<\/p><\/td><td width=\"183\"><p>Site performans\u0131n\u0131n \u00f6l\u00e7\u00fclmesi<\/p><\/td><\/tr><tr><td width=\"109\"><p><blockquote class=\"wp-embedded-content\" data-secret=\"CcMUhpon9b\"><a href=\"https:\/\/bolez.com.tr\/en\/\">Anasayfa<\/a><\/blockquote><iframe class=\"wp-embedded-content\" sandbox=\"allow-scripts\" security=\"restricted\" style=\"position: absolute; clip: rect(1px, 1px, 1px, 1px);\" title=\"&#8220;Anasayfa&#8221; &#8212; Bolez\" src=\"https:\/\/bolez.com.tr\/embed\/#?secret=18TabnzZhc#?secret=CcMUhpon9b\" data-secret=\"CcMUhpon9b\" width=\"600\" height=\"338\" frameborder=\"0\" marginwidth=\"0\" marginheight=\"0\" scrolling=\"no\"><\/iframe><\/p><p>\u00a0<\/p><\/td><td width=\"83\"><p>\u00a0Meta Piksel<\/p><\/td><td width=\"130\"><p><strong>1-Kullan\u0131m Amac\u0131na G\u00f6re<\/strong>:<\/p><p>\u00b7\u00a0\u00a0\u00a0\u00a0\u00a0\u00a0\u00a0\u00a0 \u200bReklam<\/p><p>\u00a0<\/p><p><strong>2-S\u00fcresine G\u00f6re:<\/strong><\/p><p>\u25cf\u00a0\u00a0\u00a0\u00a0\u00a0\u00a0\u00a0 Oturum<\/p><p>\u00a0<\/p><p><strong>3-Sa\u011flay\u0131c\u0131s\u0131na G\u00f6re:<\/strong><\/p><p>\u25cf\u00a0\u00a0\u00a0\u00a0\u00a0\u00a0\u00a0 \u00dc\u00e7\u00fcnc\u00fc taraf<\/p><p>\u00a0<\/p><\/td><td width=\"75\"><p>Meta<\/p><\/td><td width=\"65\"><p>99 g\u00fcn<\/p><\/td><td width=\"183\"><p>Reklam iyile\u015ftirmesinin yap\u0131lmas\u0131<\/p><p>\u00a0<\/p><\/td><\/tr><\/tbody><\/table><p>\u00a0<\/p><p><strong>\u00a0<\/strong><\/p><p><strong>\u00c7erezler Arac\u0131l\u0131\u011f\u0131yla \u0130\u015flenen Ki\u015fisel Verileriniz Kimlere Hangi Ama\u00e7larla Aktar\u0131lmaktad\u0131r?<\/strong><\/p><p>\u015eirket, ki\u015fisel verilerinizi hizmetlerinin size \u00f6zelle\u015ftirilerek geli\u015ftirilmesi, \u00e7erez tercihlerinize uygun olarak \u00e7erez y\u00f6netimi s\u00fcrecinin y\u00fcr\u00fct\u00fclmesi ama\u00e7lar\u0131yla me\u015fru menfaat kapsam\u0131nda tedarik\u00e7ileri ve hizmet sa\u011flay\u0131c\u0131lar\u0131 ile payla\u015fabilmektedir. Ayr\u0131ca ki\u015fisel verileriniz, yine yukar\u0131daki ama\u00e7lar\u0131n ger\u00e7ekle\u015ftirilebilmesi amac\u0131yla a\u00e7\u0131k r\u0131zan\u0131za dayal\u0131 olarak, gerekli teknik ve idari tedbirler al\u0131narak, sunucular\u0131 yurt d\u0131\u015f\u0131nda bulunan hizmet sa\u011flay\u0131c\u0131lara aktar\u0131lacakt\u0131r.<\/p><p>\u00a0<\/p><p><strong>\u00c7erez Kullan\u0131m\u0131n\u0131 Nas\u0131l Kontrol Edebilirsiniz?\u202f\u202f<\/strong>\u00a0<\/p><p>\u0130nternet sitemizi ziyaret etmek ve kullanmak i\u00e7in \u00e7erezlerin i\u015flenmesi zorunlu de\u011fildir; <u>taray\u0131c\u0131n\u0131z\u0131n ayarlar\u0131n\u0131 de\u011fi\u015ftirerek \u00e7erezlere ili\u015fkin tercihlerinizi ki\u015fiselle\u015ftirme imk\u00e2n\u0131na sahipsiniz.<\/u>\u00a0\u00a0<\/p><p>Taray\u0131c\u0131n\u0131z\u0131 t\u00fcm \u00e7erezleri engelleyecek \u015fekilde ayarlaman\u0131z halinde, internet sitemizi kullanmaya devam edebilirsiniz; ancak bu durumda internet sitemizin t\u00fcm fonksiyonlara eri\u015femeyebilir veya eri\u015fiminiz s\u0131n\u0131rl\u0131 olabilir, kullan\u0131c\u0131 deneyiminizin kalitesi d\u00fc\u015febilir.\u202f\u202f\u00a0<\/p><table width=\"0\"><tbody><tr><td width=\"83\"><p>Google Analytics\u202f\u00a0<\/p><\/td><td width=\"519\"><p><a href=\"https:\/\/tools.google.com\/dlpage\/gaoptout\">https:\/\/tools.google.com\/dlpage\/gaoptout<\/a>\u202f\u00a0<\/p><\/td><\/tr><tr><td width=\"83\"><p>Google Chrome\u202f\u00a0<\/p><\/td><td width=\"519\"><p><a href=\"https:\/\/www.google.com\/support\/chrome\/bin\/answer.py?hl=en&amp;answer=95647\">http:\/\/www.google.com\/support\/chrome\/bin\/answer.py?hl=en&amp;answer=95647<\/a>\u202f\u00a0<\/p><\/td><\/tr><tr><td width=\"83\"><p>Internet Explorer\u202f\u00a0<\/p><\/td><td width=\"519\"><p><a href=\"https:\/\/support.microsoft.com\/en-us\/help\/17442\/windows-internet-explorer-\">https:\/\/support.microsoft.com\/en-us\/help\/17442\/windows-internet-explorer-\u202f<\/a>\u00a0<br \/>\u202f\u00a0<br \/><a href=\"https:\/\/support.microsoft.com\/en-us\/help\/17442\/windows-internet-explorer-delete-manage-cookies\">delete-manage-cookies<\/a>\u202f\u00a0<\/p><\/td><\/tr><tr><td width=\"83\"><p>Mozilla Firefox\u202f\u00a0<\/p><\/td><td width=\"519\"><p><a href=\"https:\/\/support.mozilla.com\/en-US\/kb\/Cookies\">http:\/\/support.mozilla.com\/en-US\/kb\/Cookies<\/a>\u202f\u00a0<\/p><\/td><\/tr><tr><td width=\"83\"><p>Opera\u202f\u00a0<\/p><\/td><td width=\"519\"><p><a href=\"https:\/\/www.opera.com\/browser\/tutorials\/security\/privacy\/\">http:\/\/www.opera.com\/browser\/tutorials\/security\/privacy\/<\/a>\u202f\u00a0<\/p><\/td><\/tr><tr><td width=\"83\"><p>Safari\u202f\u00a0<\/p><\/td><td width=\"519\"><p><a href=\"https:\/\/support.apple.com\/kb\/ph19214?locale=tr%20TR\">https:\/\/support.apple.com\/kb\/ph19214?locale=tr TR<\/a>\u202f\u00a0<\/p><\/td><\/tr><\/tbody><\/table><p>\u00a0<\/p><p><strong>KVKK\u2019n\u0131n 11.Maddesi Kapsam\u0131ndaki Haklar\u0131n\u0131z\u00a0Nelerdir?<\/strong><\/p><p><strong>\u00a0<\/strong><\/p><p>KVKK\u2019n\u0131n 11. maddesi kapsam\u0131nda, ilgili ki\u015fi olarak haklar\u0131n\u0131z bulunmaktad\u0131r. Bu haklar;\u202f\u202f\u00a0<\/p><ol><li>a) Ki\u015fisel veri i\u015flenip i\u015flenmedi\u011fini \u00f6\u011frenme,\u202f\u202f\u00a0<\/li><li>b) Ki\u015fisel verileri i\u015flenmi\u015fse buna ili\u015fkin bilgi talep etme,\u202f\u202f\u00a0<\/li><li>c) Ki\u015fisel verilerin i\u015flenme amac\u0131n\u0131 ve bunlar\u0131n amac\u0131na uygun kullan\u0131l\u0131p kullan\u0131lmad\u0131\u011f\u0131n\u0131 \u00f6\u011frenme,\u202f\u202f\u00a0<\/li><\/ol><p>\u00e7) Yurt i\u00e7inde veya yurt d\u0131\u015f\u0131nda ki\u015fisel verilerin aktar\u0131ld\u0131\u011f\u0131 \u00fc\u00e7\u00fcnc\u00fc ki\u015fileri bilme,\u202f\u202f\u00a0<\/p><ol><li>d) Ki\u015fisel verilerin eksik veya yanl\u0131\u015f i\u015flenmi\u015f olmas\u0131 h\u00e2linde bunlar\u0131n d\u00fczeltilmesini isteme,\u202f\u202f\u00a0<\/li><li>e) 7 nci maddede \u00f6ng\u00f6r\u00fclen \u015fartlar \u00e7er\u00e7evesinde ki\u015fisel verilerin silinmesini veya yok edilmesini isteme,\u202f\u202f\u00a0<\/li><li>f) (d) ve (e) bentleri uyar\u0131nca yap\u0131lan i\u015flemlerin, ki\u015fisel verilerin aktar\u0131ld\u0131\u011f\u0131 \u00fc\u00e7\u00fcnc\u00fc ki\u015filere bildirilmesini isteme,\u202f\u202f\u00a0<\/li><li>g) \u0130\u015flenen verilerin m\u00fcnhas\u0131ran otomatik sistemler vas\u0131tas\u0131yla analiz edilmesi suretiyle ki\u015finin kendisi aleyhine bir sonucun ortaya \u00e7\u0131kmas\u0131na itiraz etme,\u202f\u202f\u00a0<\/li><\/ol><p>\u011f) Ki\u015fisel verilerin kanuna ayk\u0131r\u0131 olarak i\u015flenmesi sebebiyle zarara u\u011framas\u0131 h\u00e2linde zarar\u0131n giderilmesini talep etme\u202f\u202f\u202f\u00a0<\/p><p>Bu haklar\u0131n\u0131z ile ilgili taleplerinizi \u0130lgili Ki\u015fi Ba\u015fvuru Formu\u2019nda belirtilen b\u00fct\u00fcn bilgileri doldurmak suretiyle KVKK\u2019n\u0131n 11. maddesi ile 13. maddesinin 1. f\u0131kras\u0131 ve Veri Sorumlusuna Ba\u015fvuru Usul ve Esaslar\u0131 Hakk\u0131nda Tebli\u011f gere\u011fince,\u202f\u202f\u00a0<\/p><p>\u00a0<\/p><ul><li><strong>Kaz\u0131mdirik Mahallesi 296 Sokak No:8 Folkart Time 1. Blok 1. Kat Kap\u0131 No: 103-104-105-106-107- 108-109 Bornova\/\u0130zmir<\/strong> adresindeki \u015eirketimize bizzat gelerek,<\/li><li><strong>egetav@hs03.kep.tr<\/strong> \u015feklindeki kay\u0131tl\u0131 elektronik posta (KEP) adresimiz \u00fczerinden,<\/li><li>* In order to identify your identity and not to inform the wrong people, in writing, through a notary public or by registered mail with return receipt,<\/li><li>G\u00fcvenli elektronik imza, mobil imza ya da (varsa) taraf\u0131n\u0131zca daha \u015eirketimize bildirilen ve sistemlerimizde kay\u0131tl\u0131 bulunan elektronik posta adresini kullanmak suretiyle <strong>kvkk@ege-tav.com.tr<\/strong> adresine elektronik posta g\u00f6ndererek veya gelecekte Kurul\u2019un belirleyece\u011fi di\u011fer y\u00f6ntemlerle iletebilirsiniz.<\/li><\/ul><p>\u00a0<\/p><p>\u00a0<\/p>\t\t\t\t\t\t\t\t<\/div>\n\t\t\t\t<\/div>\n\t\t\t\t\t<\/div>\n\t\t\t\t<\/div>\n\t\t\t\t<\/div>","protected":false},"excerpt":{"rendered":"<p>\u00c7erez Politikas\u0131 EGE-TAV EGE TARIM HAYVANCILIK YATIRIM T\u0130C.VE SAN. A.\u015e. (Bundan sonra &#8220;\u015eirket&#8221; olarak an\u0131lacakt\u0131r) olarak; ki\u015fisel verilerinizin gizlili\u011fi ve g\u00fcvenli\u011fi en \u00f6nemli \u00f6nceliklerimiz aras\u0131ndad\u0131r. Bu kapsamda 6698 say\u0131l\u0131 Ki\u015fisel Verilerin Korunmas\u0131 Kanunu\u2019nun (Bundan sonra &#8220;KVKK&#8221; olarak an\u0131lacakt\u0131r) 10. maddesinden do\u011fan ayd\u0131nlatma y\u00fck\u00fcml\u00fcl\u00fc\u011f\u00fcm\u00fcz\u00fc yerine getirmek amac\u0131yla \u00c7erez Politikam\u0131z\u0131 bilgilerinize sunar\u0131z.\u00a0\u00a0 \u00a0 Veri Sorumlusu Kimli\u011fi Nedir? [&hellip;]<\/p>\n","protected":false},"author":2,"featured_media":0,"parent":0,"menu_order":0,"comment_status":"closed","ping_status":"closed","template":"","meta":{"footnotes":""},"class_list":["post-3436","page","type-page","status-publish","hentry"],"blocksy_meta":{"styles_descriptor":{"styles":{"desktop":"","tablet":"","mobile":""},"google_fonts":[],"version":6},"page_title_panel":"","has_hero_section":"disabled","3201775c7a89f86aba9304648fa69a21":"","hero_section":"type-1","hero_elements":[{"id":"custom_title","enabled":true,"heading_tag":"h1","title":"Home"},{"id":"custom_description","enabled":true,"description_visibility":{"desktop":true,"tablet":true,"mobile":false}},{"id":"custom_meta","enabled":false,"meta_elements":[{"id":"author","enabled":true,"label":"By","has_author_avatar":"yes","avatar_size":25},{"id":"post_date","enabled":true,"label":"On","date_format_source":"default","date_format":"M j, Y"},{"id":"updated_date","enabled":false,"label":"On","date_format_source":"default","date_format":"M j, Y"},{"id":"categories","enabled":false,"label":"In","style":"simple"},{"id":"comments","enabled":true}],"page_meta_elements":{"joined":true,"articles_count":true,"comments":true}},{"id":"breadcrumbs","enabled":false}],"da746116d3fe440e35a74c03a9c832b1":"","hero_alignment1":"CT_CSS_SKIP_RULE","hero_margin":40,"hero_alignment2":"center","hero_vertical_alignment":"center","181975454d8aa2ae1f97052623cb31d0":"","hero_structure":"narrow","5f258d58f59c137d3dd2dfc011969628":"","page_title_bg_type":"featured_image","custom_hero_background":{"attachment_id":null},"page_title_image_size":"full","parallax":{"desktop":false,"tablet":false,"mobile":false},"83307eb1ca60fafc26c84edbff840c69":"","hero_height":"250px","pageTitleFont":{"family":"Default","variation":"Default","size":"30px","line-height":"CT_CSS_SKIP_RULE","letter-spacing":"CT_CSS_SKIP_RULE","text-transform":"CT_CSS_SKIP_RULE","text-decoration":"CT_CSS_SKIP_RULE"},"pageTitleFontColor":{"default":{"color":"CT_CSS_SKIP_RULEDEFAULT"}},"pageMetaFont":{"family":"Default","variation":"n6","size":"12px","line-height":"1.3","letter-spacing":"CT_CSS_SKIP_RULE","text-transform":"uppercase","text-decoration":"CT_CSS_SKIP_RULE"},"pageMetaFontColor":{"default":{"color":"CT_CSS_SKIP_RULEDEFAULT"},"hover":{"color":"CT_CSS_SKIP_RULEDEFAULT"}},"page_meta_button_type_font_colors":{"default":{"color":"CT_CSS_SKIP_RULEDEFAULT"},"hover":{"color":"CT_CSS_SKIP_RULEDEFAULT"}},"page_meta_button_type_background_colors":{"default":{"color":"CT_CSS_SKIP_RULEDEFAULT"},"hover":{"color":"CT_CSS_SKIP_RULEDEFAULT"}},"pageExcerptFont":{"family":"Default","variation":"Default","size":"CT_CSS_SKIP_RULE","line-height":"CT_CSS_SKIP_RULE","letter-spacing":"CT_CSS_SKIP_RULE","text-transform":"CT_CSS_SKIP_RULE","text-decoration":"CT_CSS_SKIP_RULE"},"pageExcerptColor":{"default":{"color":"CT_CSS_SKIP_RULEDEFAULT"}},"breadcrumbsFont":{"family":"Default","variation":"Default","size":"CT_CSS_SKIP_RULE","line-height":"CT_CSS_SKIP_RULE","letter-spacing":"CT_CSS_SKIP_RULE","text-transform":"CT_CSS_SKIP_RULE","text-decoration":"CT_CSS_SKIP_RULE"},"breadcrumbsFontColor":{"default":{"color":"CT_CSS_SKIP_RULEDEFAULT"},"initial":{"color":"CT_CSS_SKIP_RULEDEFAULT"},"hover":{"color":"CT_CSS_SKIP_RULEDEFAULT"}},"pageTitleOverlay":{"background_type":"color","background_pattern":"type-1","background_image":{"attachment_id":null,"x":0,"y":0},"gradient":"linear-gradient(135deg,rgba(6,147,227,1) 0%,rgb(155,81,224) 100%)","background_repeat":"repeat","background_size":"auto","background_attachment":"scroll","patternColor":{"default":{"color":"#e5e7ea"}},"overlayColor":{"default":{"color":"CT_CSS_SKIP_RULE"}},"backgroundColor":{"default":{"color":"CT_CSS_SKIP_RULE"}}},"pageTitleBackground":{"background_type":"color","background_pattern":"type-1","background_image":{"attachment_id":null,"x":0,"y":0},"gradient":"linear-gradient(135deg,rgba(6,147,227,1) 0%,rgb(155,81,224) 100%)","background_repeat":"repeat","background_size":"auto","background_attachment":"scroll","patternColor":{"default":{"color":"#e5e7ea"}},"overlayColor":{"default":{"color":"CT_CSS_SKIP_RULE"}},"backgroundColor":{"default":{"color":"var(--theme-palette-color-6)"}}},"pageTitlePadding":{"top":"50px","bottom":"50px","left":"auto","right":"auto","linked":true},"57b62c439ba492c8268ac3d84ffa8526":"","page_structure_type":"default","9a0b858fa1ae3dcedd9d6fe6408184fa":"","content_style_source":"inherit","content_style":"wide","vertical_spacing_source":"custom","content_area_spacing":"both","background":{"background_type":"color","background_pattern":"type-1","background_image":{"attachment_id":null,"x":0,"y":0},"gradient":"linear-gradient(135deg,rgba(6,147,227,1) 0%,rgb(155,81,224) 100%)","background_repeat":"repeat","background_size":"auto","background_attachment":"scroll","patternColor":{"default":{"color":"#e5e7ea"}},"overlayColor":{"default":{"color":"CT_CSS_SKIP_RULE"}},"backgroundColor":{"default":{"color":"CT_CSS_SKIP_RULE"}}},"content_background":{"background_type":"color","background_pattern":"type-1","background_image":{"attachment_id":null,"x":0,"y":0},"gradient":"linear-gradient(135deg,rgba(6,147,227,1) 0%,rgb(155,81,224) 100%)","background_repeat":"repeat","background_size":"auto","background_attachment":"scroll","patternColor":{"default":{"color":"#e5e7ea"}},"overlayColor":{"default":{"color":"CT_CSS_SKIP_RULE"}},"backgroundColor":{"default":{"color":"var(--theme-palette-color-8)"}}},"content_boxed_shadow":{"inherit":false,"blur":18,"spread":-6,"v_offset":12,"h_offset":0,"inset":false,"enable":true,"color":{"color":"rgba(34, 56, 101, 0.04)"}},"content_boxed_border":{"width":1,"style":"none","color":{"color":"rgba(44,62,80,0.2)"}},"content_boxed_radius":{"top":"3px","bottom":"3px","left":"3px","right":"3px","linked":true},"boxed_content_spacing":{"desktop":{"top":"40px","bottom":"40px","left":"40px","right":"40px","linked":true},"tablet":{"top":"35px","bottom":"35px","left":"35px","right":"35px","linked":true},"mobile":{"top":"20px","bottom":"20px","left":"20px","right":"20px","linked":true}},"b6048bdb9d19203e75d1e3235c05305b":"","disable_featured_image":"no","disable_share_box":"no","disable_header":"no","disable_footer":"no"},"_links":{"self":[{"href":"https:\/\/bolez.com.tr\/en\/wp-json\/wp\/v2\/pages\/3436","targetHints":{"allow":["GET"]}}],"collection":[{"href":"https:\/\/bolez.com.tr\/en\/wp-json\/wp\/v2\/pages"}],"about":[{"href":"https:\/\/bolez.com.tr\/en\/wp-json\/wp\/v2\/types\/page"}],"author":[{"embeddable":true,"href":"https:\/\/bolez.com.tr\/en\/wp-json\/wp\/v2\/users\/2"}],"replies":[{"embeddable":true,"href":"https:\/\/bolez.com.tr\/en\/wp-json\/wp\/v2\/comments?post=3436"}],"version-history":[{"count":0,"href":"https:\/\/bolez.com.tr\/en\/wp-json\/wp\/v2\/pages\/3436\/revisions"}],"wp:attachment":[{"href":"https:\/\/bolez.com.tr\/en\/wp-json\/wp\/v2\/media?parent=3436"}],"curies":[{"name":"wp","href":"https:\/\/api.w.org\/{rel}","templated":true}]}}