{"id":3160,"date":"2023-04-11T13:50:33","date_gmt":"2023-04-11T10:50:33","guid":{"rendered":"https:\/\/bolez.com.tr\/?page_id=3160"},"modified":"2025-10-01T16:40:27","modified_gmt":"2025-10-01T13:40:27","slug":"bilgi-toplumu-hizmetleri","status":"publish","type":"page","link":"https:\/\/bolez.com.tr\/en\/hakkimizda\/bilgi-toplumu-hizmetleri\/","title":{"rendered":"Information Society Services"},"content":{"rendered":"<div data-elementor-type=\"wp-page\" data-elementor-id=\"3160\" class=\"elementor elementor-3160\">\n\t\t\t\t<div class=\"elementor-element elementor-element-cec2a44 e-con-full e-flex e-con e-parent\" data-id=\"cec2a44\" data-element_type=\"container\" data-e-type=\"container\">\n\t\t\t\t<div class=\"elementor-element elementor-element-f8242d9 elementor-widget elementor-widget-image\" data-id=\"f8242d9\" data-element_type=\"widget\" data-e-type=\"widget\" data-widget_type=\"image.default\">\n\t\t\t\t<div class=\"elementor-widget-container\">\n\t\t\t\t\t\t\t\t\t\t\t\t\t\t\t<img fetchpriority=\"high\" decoding=\"async\" width=\"1409\" height=\"313\" src=\"https:\/\/bolez.com.tr\/wp-content\/uploads\/2023\/01\/Bolez-kss.jpg\" class=\"attachment-full size-full wp-image-2461\" alt=\"\" srcset=\"https:\/\/bolez.com.tr\/wp-content\/uploads\/2023\/01\/Bolez-kss.jpg 1409w, https:\/\/bolez.com.tr\/wp-content\/uploads\/2023\/01\/Bolez-kss-300x67.jpg 300w, https:\/\/bolez.com.tr\/wp-content\/uploads\/2023\/01\/Bolez-kss-1024x227.jpg 1024w, https:\/\/bolez.com.tr\/wp-content\/uploads\/2023\/01\/Bolez-kss-768x171.jpg 768w\" sizes=\"(max-width: 1409px) 100vw, 1409px\" \/>\t\t\t\t\t\t\t\t\t\t\t\t\t\t\t<\/div>\n\t\t\t\t<\/div>\n\t\t\t\t<\/div>\n\t\t<div class=\"elementor-element elementor-element-459a43c1 e-con-full e-flex e-con e-parent\" data-id=\"459a43c1\" data-element_type=\"container\" data-e-type=\"container\">\n\t\t<div class=\"elementor-element elementor-element-7a65a9a4 e-con-full elementor-hidden-tablet elementor-hidden-mobile e-flex e-con e-child\" data-id=\"7a65a9a4\" data-element_type=\"container\" data-e-type=\"container\" data-settings=\"{&quot;background_background&quot;:&quot;classic&quot;}\">\n\t\t\t\t<div class=\"elementor-element elementor-element-b775f2 elementor-widget elementor-widget-heading\" data-id=\"b775f2\" data-element_type=\"widget\" data-e-type=\"widget\" data-widget_type=\"heading.default\">\n\t\t\t\t<div class=\"elementor-widget-container\">\n\t\t\t\t\t<h3 class=\"elementor-heading-title elementor-size-small\">Corporate <\/h3>\t\t\t\t<\/div>\n\t\t\t\t<\/div>\n\t\t\t\t<div class=\"elementor-element elementor-element-3d81296 elementor-widget elementor-widget-ekit-nav-menu\" data-id=\"3d81296\" data-element_type=\"widget\" data-e-type=\"widget\" data-widget_type=\"ekit-nav-menu.default\">\n\t\t\t\t<div class=\"elementor-widget-container\">\n\t\t\t\t\t\t\t<nav class=\"ekit-wid-con ekit_menu_responsive_mobile\"\n\t\t\tdata-hamburger-icon=\"\"\n\t\t\tdata-hamburger-icon-type=\"icon\"\n\t\t\tdata-responsive-breakpoint=\"767\">\n\t\t\t            <button class=\"elementskit-menu-hamburger elementskit-menu-toggler\"  type=\"button\" aria-label=\"hamburger-icon\">\n                                    <span class=\"elementskit-menu-hamburger-icon\"><\/span><span class=\"elementskit-menu-hamburger-icon\"><\/span><span class=\"elementskit-menu-hamburger-icon\"><\/span>\n                            <\/button>\n            <div id=\"ekit-megamenu-kurumsal\" class=\"elementskit-menu-container elementskit-menu-offcanvas-elements elementskit-navbar-nav-default ekit-nav-menu-one-page-yes ekit-nav-dropdown-hover\"><ul id=\"menu-kurumsal\" class=\"elementskit-navbar-nav elementskit-menu-po-left submenu-click-on-icon\"><li id=\"menu-item-279\" class=\"menu-item menu-item-type-post_type menu-item-object-page menu-item-279 nav-item elementskit-mobile-builder-content\" data-vertical-menu=\"750px\"><a href=\"https:\/\/bolez.com.tr\/en\/hakkimizda\/uretim\/\" class=\"ekit-menu-nav-link\">Production<\/a><\/li>\n<li id=\"menu-item-231\" class=\"menu-item menu-item-type-post_type menu-item-object-page menu-item-231 nav-item elementskit-mobile-builder-content\" data-vertical-menu=\"750px\"><a href=\"https:\/\/bolez.com.tr\/en\/hakkimizda\/\" class=\"ekit-menu-nav-link\">About Us<\/a><\/li>\n<li id=\"menu-item-278\" class=\"menu-item menu-item-type-post_type menu-item-object-page menu-item-278 nav-item elementskit-mobile-builder-content\" data-vertical-menu=\"750px\"><a href=\"https:\/\/bolez.com.tr\/en\/hakkimizda\/sertifikalar\/\" class=\"ekit-menu-nav-link\">Certificates<\/a><\/li>\n<li id=\"menu-item-275\" class=\"menu-item menu-item-type-post_type menu-item-object-page menu-item-275 nav-item elementskit-mobile-builder-content\" data-vertical-menu=\"750px\"><a href=\"https:\/\/bolez.com.tr\/en\/hakkimizda\/insan-kaynaklari\/\" class=\"ekit-menu-nav-link\">Human Resources<\/a><\/li>\n<li id=\"menu-item-276\" class=\"menu-item menu-item-type-post_type menu-item-object-page menu-item-276 nav-item elementskit-mobile-builder-content\" data-vertical-menu=\"750px\"><a href=\"https:\/\/bolez.com.tr\/en\/hakkimizda\/kalite-politikalarimiz\/\" class=\"ekit-menu-nav-link\">Our quality policy;<\/a><\/li>\n<li id=\"menu-item-3169\" class=\"menu-item menu-item-type-post_type menu-item-object-page menu-item-3169 nav-item elementskit-mobile-builder-content\" data-vertical-menu=\"750px\"><a href=\"https:\/\/bolez.com.tr\/en\/hakkimizda\/bilgi-toplumu-hizmetleri\/\" class=\"ekit-menu-nav-link\">Information Society Services<\/a><\/li>\n<li id=\"menu-item-273\" class=\"menu-item menu-item-type-post_type menu-item-object-page menu-item-273 nav-item elementskit-mobile-builder-content\" data-vertical-menu=\"750px\"><a href=\"https:\/\/bolez.com.tr\/en\/hakkimizda\/kss-politikamiz\/\" class=\"ekit-menu-nav-link\">Our Corporate Social Responsibility<\/a><\/li>\n<li id=\"menu-item-3897\" class=\"menu-item menu-item-type-post_type menu-item-object-page menu-item-3897 nav-item elementskit-mobile-builder-content\" data-vertical-menu=\"750px\"><a href=\"https:\/\/bolez.com.tr\/en\/hakkimizda\/cevre-ve-enerji-politikalarimiz\/\" class=\"ekit-menu-nav-link\">\u00c7evre ve Enerji Politikalar\u0131m\u0131z<\/a><\/li>\n<\/ul><div class=\"elementskit-nav-identity-panel\"><button class=\"elementskit-menu-close elementskit-menu-toggler\" type=\"button\">X<\/button><\/div><\/div>\n\t\t\t<div class=\"elementskit-menu-overlay elementskit-menu-offcanvas-elements elementskit-menu-toggler ekit-nav-menu--overlay\"><\/div>        <\/nav>\n\t\t\t\t\t\t<\/div>\n\t\t\t\t<\/div>\n\t\t\t\t<\/div>\n\t\t<div class=\"elementor-element elementor-element-430922fb e-con-full e-flex e-con e-child\" data-id=\"430922fb\" data-element_type=\"container\" data-e-type=\"container\">\n\t\t\t\t<div class=\"elementor-element elementor-element-4b46aed elementor-widget elementor-widget-heading\" data-id=\"4b46aed\" data-element_type=\"widget\" data-e-type=\"widget\" data-widget_type=\"heading.default\">\n\t\t\t\t<div class=\"elementor-widget-container\">\n\t\t\t\t\t<h2 class=\"elementor-heading-title elementor-size-default\">Information Society Services<\/h2>\t\t\t\t<\/div>\n\t\t\t\t<\/div>\n\t\t\t\t<div class=\"elementor-element elementor-element-721a608 elementor-widget elementor-widget-elementskit-accordion\" data-id=\"721a608\" data-element_type=\"widget\" data-e-type=\"widget\" data-widget_type=\"elementskit-accordion.default\">\n\t\t\t\t<div class=\"elementor-widget-container\">\n\t\t\t\t\t<div class=\"ekit-wid-con\" >\n        <div class=\"elementskit-accordion accoedion-primary\" id=\"accordion-6a018162e5114\">\n\n            \n                <div class=\"elementskit-card active\">\n                    <div class=\"elementskit-card-header\" id=\"primaryHeading-0-721a608\">\n                        <a href=\"#collapse-051ad006a018162e5114\" class=\"ekit-accordion--toggler elementskit-btn-link collapsed\" data-ekit-toggle=\"collapse\" data-target=\"#Collapse-051ad006a018162e5114\" aria-expanded=\"true\" aria-controls=\"Collapse-051ad006a018162e5114\">\n                            \n                            <span class=\"ekit-accordion-title\">Company<\/span>\n\n                            \n                                <div class=\"ekit_accordion_icon_group\">\n                                    <div class=\"ekit_accordion_normal_icon\">\n                                        <!-- Normal Icon -->\n\t\t\t\t\t\t\t\t\t\t<i class=\"icon icon-down-arrow1\"><\/i>                                    <\/div>\n\n                                    <div class=\"ekit_accordion_active_icon\">\n                                        <!-- Active Icon -->\n\t\t\t\t\t\t\t\t\t\t<i class=\"icon icon-up-arrow1\"><\/i>                                    <\/div>\n                                <\/div>\n\n                            \n                                                    <\/a>\n                    <\/div>\n\n                    <div id=\"Collapse-051ad006a018162e5114\" class=\"show collapse\" aria-labelledby=\"primaryHeading-0-721a608\" data-parent=\"#accordion-6a018162e5114\">\n\n                        <div class=\"elementskit-card-body ekit-accordion--content\">\n                            <p><b>Company Type: <\/b><span style=\"font-weight: 400\">Anonim Company<\/span><\/p><p><b>Mersis: <\/b><span style=\"font-weight: 400\">0325005904100010<\/span><\/p><p><b>Trade Registry Office: <\/b><span style=\"font-weight: 400\">IZMIR<\/span><\/p><p><b>Trade Registry Number: <\/b><span style=\"font-weight: 400\">45853<\/span><\/p><p><b>Trade Name: <\/b><span style=\"font-weight: 400\">EGE-TAV EGE AGRICULTURE LIVE STOCK INVESTMENT TRADE AND INDUSTRY INC.<\/span><\/p><p><b>Address: <\/b>Akdeniz Mah. 1353 Sokak No:2 Kat:7 D:71 Armesa \u0130\u015f Merkezi Konak\/\u0130zmir<\/p><p><b>Contact Information: <\/b>Akdeniz Mah. 1353 Sokak No:2 Kat:7 D:71 Armesa \u0130\u015f Merkezi Konak\/\u0130zmir<\/p><p><b>Amount Of Committed Capital: <\/b><span style=\"font-weight: 400\">1.003.100.000,00 TL<\/span><\/p><p><b>Amount Of Capital Paid: <\/b><span style=\"font-weight: 400\">1.003.100.000,00 TL<\/span><\/p><p><b>Company Registration Date: <\/b><span style=\"font-weight: 400\">26.04.1982<\/span><\/p><p><b>Tax Administration: <\/b><span style=\"font-weight: 400\">Konak Vergi Dairesi<\/span><\/p><p><b>Tax Number: <\/b><span style=\"font-weight: 400\">3250059041<\/span><\/p><p><b>Sector: <\/b><span style=\"font-weight: 400\">Poultry raising<\/span><\/p><p><b>Contact Information:<\/b><span style=\"font-weight: 400\"> 2324634083<\/span><\/p><p><span style=\"font-weight: 400\"><strong> Fax:<\/strong> 2324634147<\/span><\/p><p><strong> Website: <\/strong><a href=\"https:\/\/bolez.com.tr\/en\/\"><span style=\"font-weight: 400\">www.bolez.com.tr<\/span><\/a><\/p>                        <\/div>\n\n                    <\/div>\n\n                <\/div><!-- .elementskit-card END -->\n\n                \n                <div class=\"elementskit-card\">\n                    <div class=\"elementskit-card-header\" id=\"primaryHeading-1-721a608\">\n                        <a href=\"#collapse-1d531ee6a018162e5114\" class=\"ekit-accordion--toggler elementskit-btn-link collapsed\" data-ekit-toggle=\"collapse\" data-target=\"#Collapse-1d531ee6a018162e5114\" aria-expanded=\"false\" aria-controls=\"Collapse-1d531ee6a018162e5114\">\n                            \n                            <span class=\"ekit-accordion-title\">AUDITOR<\/span>\n\n                            \n                                <div class=\"ekit_accordion_icon_group\">\n                                    <div class=\"ekit_accordion_normal_icon\">\n                                        <!-- Normal Icon -->\n\t\t\t\t\t\t\t\t\t\t<i class=\"icon icon-down-arrow1\"><\/i>                                    <\/div>\n\n                                    <div class=\"ekit_accordion_active_icon\">\n                                        <!-- Active Icon -->\n\t\t\t\t\t\t\t\t\t\t<i class=\"icon icon-up-arrow1\"><\/i>                                    <\/div>\n                                <\/div>\n\n                            \n                                                    <\/a>\n                    <\/div>\n\n                    <div id=\"Collapse-1d531ee6a018162e5114\" class=\"collapse\" aria-labelledby=\"primaryHeading-1-721a608\" data-parent=\"#accordion-6a018162e5114\">\n\n                        <div class=\"elementskit-card-body ekit-accordion--content\">\n                            <p><span style=\"font-weight: 400\"><strong>Name Surname\/Trade Title:<\/strong> DRT Ba\u011f\u0131ms\u0131z Denetim ve Serbest Muhasebeci Mali M\u00fc\u015favirlik Anonim \u015eirketi<\/span><\/p><p><span style=\"font-weight: 400\"><strong>Independent Audit Official Registry:<\/strong> 304099<\/span><\/p><p><span style=\"font-weight: 400\"><strong>Address:<\/strong> Eski B\u00fcy\u00fckdere Caddesi Maslak Mahallesi No:1 Maslakno1 Plaza Maslak 34485 Sar\u0131yer\/ \u0130STANBUL<\/span><\/p>                        <\/div>\n\n                    <\/div>\n\n                <\/div><!-- .elementskit-card END -->\n\n                \n                <div class=\"elementskit-card\">\n                    <div class=\"elementskit-card-header\" id=\"primaryHeading-2-721a608\">\n                        <a href=\"#collapse-0c7382f6a018162e5114\" class=\"ekit-accordion--toggler elementskit-btn-link collapsed\" data-ekit-toggle=\"collapse\" data-target=\"#Collapse-0c7382f6a018162e5114\" aria-expanded=\"false\" aria-controls=\"Collapse-0c7382f6a018162e5114\">\n                            \n                            <span class=\"ekit-accordion-title\">BOARD OF DIRECTORS<\/span>\n\n                            \n                                <div class=\"ekit_accordion_icon_group\">\n                                    <div class=\"ekit_accordion_normal_icon\">\n                                        <!-- Normal Icon -->\n\t\t\t\t\t\t\t\t\t\t<i class=\"icon icon-down-arrow1\"><\/i>                                    <\/div>\n\n                                    <div class=\"ekit_accordion_active_icon\">\n                                        <!-- Active Icon -->\n\t\t\t\t\t\t\t\t\t\t<i class=\"icon icon-up-arrow1\"><\/i>                                    <\/div>\n                                <\/div>\n\n                            \n                                                    <\/a>\n                    <\/div>\n\n                    <div id=\"Collapse-0c7382f6a018162e5114\" class=\"collapse\" aria-labelledby=\"primaryHeading-2-721a608\" data-parent=\"#accordion-6a018162e5114\">\n\n                        <div class=\"elementskit-card-body ekit-accordion--content\">\n                            <p><b>Chairman of the Board:<\/b><\/p><p><b>Name Surname:<\/b><span style=\"font-weight: 400\"> Atsuhiko Chikuhama<\/span><\/p><p><b>Vice Chairman of the Board:<\/b><\/p><p><b>Name Surname:<\/b><span style=\"font-weight: 400\"> Yasuyuki Endo<\/span><\/p><p><b>Y\u00f6netim Kurulu D\u0131\u015f \u00dcyesi:<\/b><\/p><p><b>Name Surname: <\/b><span style=\"font-weight: 400\">Naoyoshi Murakami<\/span><\/p>                        <\/div>\n\n                    <\/div>\n\n                <\/div><!-- .elementskit-card END -->\n\n                \n                <div class=\"elementskit-card\">\n                    <div class=\"elementskit-card-header\" id=\"primaryHeading-3-721a608\">\n                        <a href=\"#collapse-d3bbf2b6a018162e5114\" class=\"ekit-accordion--toggler elementskit-btn-link collapsed\" data-ekit-toggle=\"collapse\" data-target=\"#Collapse-d3bbf2b6a018162e5114\" aria-expanded=\"false\" aria-controls=\"Collapse-d3bbf2b6a018162e5114\">\n                            \n                            <span class=\"ekit-accordion-title\">DOCUMENTS<\/span>\n\n                            \n                                <div class=\"ekit_accordion_icon_group\">\n                                    <div class=\"ekit_accordion_normal_icon\">\n                                        <!-- Normal Icon -->\n\t\t\t\t\t\t\t\t\t\t<i class=\"icon icon-down-arrow1\"><\/i>                                    <\/div>\n\n                                    <div class=\"ekit_accordion_active_icon\">\n                                        <!-- Active Icon -->\n\t\t\t\t\t\t\t\t\t\t<i class=\"icon icon-up-arrow1\"><\/i>                                    <\/div>\n                                <\/div>\n\n                            \n                                                    <\/a>\n                    <\/div>\n\n                    <div id=\"Collapse-d3bbf2b6a018162e5114\" class=\"collapse\" aria-labelledby=\"primaryHeading-3-721a608\" data-parent=\"#accordion-6a018162e5114\">\n\n                        <div class=\"elementskit-card-body ekit-accordion--content\">\n                            <p><a href=\"\/wp-content\/uploads\/2023\/05\/0.23.11.2022-Sermaye-Arttirimi.pdf\" target=\"_blank\" rel=\"noopener\"><img decoding=\"async\" class=\"alignleft wp-image-3209\" src=\"https:\/\/bolez.com.tr\/wp-content\/uploads\/2023\/10\/Sermaye-Arttirimi.jpg\" alt=\"\" width=\"180\" height=\"180\" srcset=\"https:\/\/bolez.com.tr\/wp-content\/uploads\/2023\/10\/Sermaye-Arttirimi.jpg 350w, https:\/\/bolez.com.tr\/wp-content\/uploads\/2023\/10\/Sermaye-Arttirimi-300x300.jpg 300w, https:\/\/bolez.com.tr\/wp-content\/uploads\/2023\/10\/Sermaye-Arttirimi-150x150.jpg 150w, https:\/\/bolez.com.tr\/wp-content\/uploads\/2023\/10\/Sermaye-Arttirimi-12x12.jpg 12w\" sizes=\"(max-width: 180px) 100vw, 180px\" \/><\/a>\u00a0 <a href=\"https:\/\/bolez.com.tr\/wp-content\/uploads\/2025\/10\/Imzali-Denetci-Beyani-Deloitte-1.pdf\" target=\"_blank\" rel=\"noopener\"><img decoding=\"async\" class=\"alignnone wp-image-3211\" src=\"https:\/\/bolez.com.tr\/wp-content\/uploads\/2023\/10\/denetcidegisikligi.jpg\" alt=\"\" width=\"180\" height=\"180\" srcset=\"https:\/\/bolez.com.tr\/wp-content\/uploads\/2023\/10\/denetcidegisikligi.jpg 350w, https:\/\/bolez.com.tr\/wp-content\/uploads\/2023\/10\/denetcidegisikligi-300x300.jpg 300w, https:\/\/bolez.com.tr\/wp-content\/uploads\/2023\/10\/denetcidegisikligi-150x150.jpg 150w, https:\/\/bolez.com.tr\/wp-content\/uploads\/2023\/10\/denetcidegisikligi-12x12.jpg 12w\" sizes=\"(max-width: 180px) 100vw, 180px\" \/><\/a><a href=\"\/wp-content\/uploads\/2023\/05\/2.04.02.2022-Hesap-Yili-Degisikligi.pdf\" target=\"_blank\" rel=\"noopener\"><img loading=\"lazy\" decoding=\"async\" class=\"alignleft wp-image-3210\" src=\"https:\/\/bolez.com.tr\/wp-content\/uploads\/2023\/10\/Hesapyilidegisikligi.jpg\" alt=\"\" width=\"180\" height=\"180\" srcset=\"https:\/\/bolez.com.tr\/wp-content\/uploads\/2023\/10\/Hesapyilidegisikligi.jpg 350w, https:\/\/bolez.com.tr\/wp-content\/uploads\/2023\/10\/Hesapyilidegisikligi-300x300.jpg 300w, https:\/\/bolez.com.tr\/wp-content\/uploads\/2023\/10\/Hesapyilidegisikligi-150x150.jpg 150w, https:\/\/bolez.com.tr\/wp-content\/uploads\/2023\/10\/Hesapyilidegisikligi-12x12.jpg 12w\" sizes=\"(max-width: 180px) 100vw, 180px\" \/><\/a><\/p>                        <\/div>\n\n                    <\/div>\n\n                <\/div><!-- .elementskit-card END -->\n\n                                        <\/div>\n    <\/div>\t\t\t\t<\/div>\n\t\t\t\t<\/div>\n\t\t\t\t<\/div>\n\t\t\t\t<\/div>\n\t\t\t\t<\/div>","protected":false},"excerpt":{"rendered":"<p>Kurumsal \u00dcretim Hakk\u0131m\u0131zda Sertifikalar \u0130nsan Kaynaklar\u0131 Kalite Politikam\u0131z Bilgi Toplumu Hizmetleri Kurumsal Sosyal Sorumluluk \u00c7evre ve Enerji Politikalar\u0131m\u0131z X B\u0130LG\u0130 TOPLUMU H\u0130ZMETLER\u0130 \u015e\u0130RKET \u015eirket T\u00fcr\u00fc: ANON\u0130M \u015e\u0130RKET Mersis: 0325005904100010 Ticaret Sicil Memurlu\u011fu: \u0130ZM\u0130R Ticaret Sicil Numaras\u0131: 45853 Ticaret \u00dcnvan\u0131: EGE-TAV EGE TARIM HAYVANCILIK YATIRIM T\u0130CARET VE SANAY\u0130 A.\u015e. Adres: Akdeniz Mah. 1353 Sokak No:2 Kat:7 [&hellip;]<\/p>\n","protected":false},"author":2,"featured_media":0,"parent":200,"menu_order":0,"comment_status":"closed","ping_status":"closed","template":"","meta":{"footnotes":""},"class_list":["post-3160","page","type-page","status-publish","hentry"],"blocksy_meta":{"styles_descriptor":{"styles":{"desktop":"","tablet":"","mobile":""},"google_fonts":[],"version":6},"page_title_panel":"","has_hero_section":"disabled","3201775c7a89f86aba9304648fa69a21":"","hero_section":"type-1","hero_elements":[{"id":"custom_title","enabled":true,"heading_tag":"h1","title":"Home"},{"id":"custom_description","enabled":true,"description_visibility":{"desktop":true,"tablet":true,"mobile":false}},{"id":"custom_meta","enabled":false,"meta_elements":[{"id":"author","enabled":true,"label":"By","has_author_avatar":"yes","avatar_size":25},{"id":"post_date","enabled":true,"label":"On","date_format_source":"default","date_format":"M j, Y"},{"id":"updated_date","enabled":false,"label":"On","date_format_source":"default","date_format":"M j, Y"},{"id":"categories","enabled":false,"label":"In","style":"simple"},{"id":"comments","enabled":true}],"page_meta_elements":{"joined":true,"articles_count":true,"comments":true}},{"id":"breadcrumbs","enabled":false}],"da746116d3fe440e35a74c03a9c832b1":"","hero_alignment1":"CT_CSS_SKIP_RULE","hero_margin":40,"hero_alignment2":"center","hero_vertical_alignment":"center","181975454d8aa2ae1f97052623cb31d0":"","hero_structure":"narrow","5f258d58f59c137d3dd2dfc011969628":"","page_title_bg_type":"featured_image","custom_hero_background":{"attachment_id":null},"page_title_image_size":"full","parallax":{"desktop":false,"tablet":false,"mobile":false},"83307eb1ca60fafc26c84edbff840c69":"","hero_height":"250px","pageTitleFont":{"family":"Default","variation":"Default","size":"30px","line-height":"CT_CSS_SKIP_RULE","letter-spacing":"CT_CSS_SKIP_RULE","text-transform":"CT_CSS_SKIP_RULE","text-decoration":"CT_CSS_SKIP_RULE"},"pageTitleFontColor":{"default":{"color":"CT_CSS_SKIP_RULEDEFAULT"}},"pageMetaFont":{"family":"Default","variation":"n6","size":"12px","line-height":"1.3","letter-spacing":"CT_CSS_SKIP_RULE","text-transform":"uppercase","text-decoration":"CT_CSS_SKIP_RULE"},"pageMetaFontColor":{"default":{"color":"CT_CSS_SKIP_RULEDEFAULT"},"hover":{"color":"CT_CSS_SKIP_RULEDEFAULT"}},"page_meta_button_type_font_colors":{"default":{"color":"CT_CSS_SKIP_RULEDEFAULT"},"hover":{"color":"CT_CSS_SKIP_RULEDEFAULT"}},"page_meta_button_type_background_colors":{"default":{"color":"CT_CSS_SKIP_RULEDEFAULT"},"hover":{"color":"CT_CSS_SKIP_RULEDEFAULT"}},"pageExcerptFont":{"family":"Default","variation":"Default","size":"CT_CSS_SKIP_RULE","line-height":"CT_CSS_SKIP_RULE","letter-spacing":"CT_CSS_SKIP_RULE","text-transform":"CT_CSS_SKIP_RULE","text-decoration":"CT_CSS_SKIP_RULE"},"pageExcerptColor":{"default":{"color":"CT_CSS_SKIP_RULEDEFAULT"}},"breadcrumbsFont":{"family":"Default","variation":"Default","size":"CT_CSS_SKIP_RULE","line-height":"CT_CSS_SKIP_RULE","letter-spacing":"CT_CSS_SKIP_RULE","text-transform":"CT_CSS_SKIP_RULE","text-decoration":"CT_CSS_SKIP_RULE"},"breadcrumbsFontColor":{"default":{"color":"CT_CSS_SKIP_RULEDEFAULT"},"initial":{"color":"CT_CSS_SKIP_RULEDEFAULT"},"hover":{"color":"CT_CSS_SKIP_RULEDEFAULT"}},"pageTitleOverlay":{"background_type":"color","background_pattern":"type-1","background_image":{"attachment_id":null,"x":0,"y":0},"gradient":"linear-gradient(135deg,rgba(6,147,227,1) 0%,rgb(155,81,224) 100%)","background_repeat":"repeat","background_size":"auto","background_attachment":"scroll","patternColor":{"default":{"color":"#e5e7ea"}},"overlayColor":{"default":{"color":"CT_CSS_SKIP_RULE"}},"backgroundColor":{"default":{"color":"CT_CSS_SKIP_RULE"}}},"pageTitleBackground":{"background_type":"color","background_pattern":"type-1","background_image":{"attachment_id":null,"x":0,"y":0},"gradient":"linear-gradient(135deg,rgba(6,147,227,1) 0%,rgb(155,81,224) 100%)","background_repeat":"repeat","background_size":"auto","background_attachment":"scroll","patternColor":{"default":{"color":"#e5e7ea"}},"overlayColor":{"default":{"color":"CT_CSS_SKIP_RULE"}},"backgroundColor":{"default":{"color":"var(--theme-palette-color-6)"}}},"pageTitlePadding":{"top":"50px","bottom":"50px","left":"auto","right":"auto","linked":true},"57b62c439ba492c8268ac3d84ffa8526":"","page_structure_type":"default","9a0b858fa1ae3dcedd9d6fe6408184fa":"","content_style_source":"inherit","content_style":"wide","vertical_spacing_source":"custom","content_area_spacing":"both","background":{"background_type":"color","background_pattern":"type-1","background_image":{"attachment_id":null,"x":0,"y":0},"gradient":"linear-gradient(135deg,rgba(6,147,227,1) 0%,rgb(155,81,224) 100%)","background_repeat":"repeat","background_size":"auto","background_attachment":"scroll","patternColor":{"default":{"color":"#e5e7ea"}},"overlayColor":{"default":{"color":"CT_CSS_SKIP_RULE"}},"backgroundColor":{"default":{"color":"CT_CSS_SKIP_RULE"}}},"content_background":{"background_type":"color","background_pattern":"type-1","background_image":{"attachment_id":null,"x":0,"y":0},"gradient":"linear-gradient(135deg,rgba(6,147,227,1) 0%,rgb(155,81,224) 100%)","background_repeat":"repeat","background_size":"auto","background_attachment":"scroll","patternColor":{"default":{"color":"#e5e7ea"}},"overlayColor":{"default":{"color":"CT_CSS_SKIP_RULE"}},"backgroundColor":{"default":{"color":"var(--theme-palette-color-8)"}}},"content_boxed_shadow":{"inherit":false,"blur":18,"spread":-6,"v_offset":12,"h_offset":0,"inset":false,"enable":true,"color":{"color":"rgba(34, 56, 101, 0.04)"}},"content_boxed_border":{"width":1,"style":"none","color":{"color":"rgba(44,62,80,0.2)"}},"content_boxed_radius":{"top":"3px","bottom":"3px","left":"3px","right":"3px","linked":true},"boxed_content_spacing":{"desktop":{"top":"40px","bottom":"40px","left":"40px","right":"40px","linked":true},"tablet":{"top":"35px","bottom":"35px","left":"35px","right":"35px","linked":true},"mobile":{"top":"20px","bottom":"20px","left":"20px","right":"20px","linked":true}},"b6048bdb9d19203e75d1e3235c05305b":"","disable_featured_image":"no","disable_share_box":"no","disable_header":"no","disable_footer":"no"},"_links":{"self":[{"href":"https:\/\/bolez.com.tr\/en\/wp-json\/wp\/v2\/pages\/3160","targetHints":{"allow":["GET"]}}],"collection":[{"href":"https:\/\/bolez.com.tr\/en\/wp-json\/wp\/v2\/pages"}],"about":[{"href":"https:\/\/bolez.com.tr\/en\/wp-json\/wp\/v2\/types\/page"}],"author":[{"embeddable":true,"href":"https:\/\/bolez.com.tr\/en\/wp-json\/wp\/v2\/users\/2"}],"replies":[{"embeddable":true,"href":"https:\/\/bolez.com.tr\/en\/wp-json\/wp\/v2\/comments?post=3160"}],"version-history":[{"count":12,"href":"https:\/\/bolez.com.tr\/en\/wp-json\/wp\/v2\/pages\/3160\/revisions"}],"predecessor-version":[{"id":3988,"href":"https:\/\/bolez.com.tr\/en\/wp-json\/wp\/v2\/pages\/3160\/revisions\/3988"}],"up":[{"embeddable":true,"href":"https:\/\/bolez.com.tr\/en\/wp-json\/wp\/v2\/pages\/200"}],"wp:attachment":[{"href":"https:\/\/bolez.com.tr\/en\/wp-json\/wp\/v2\/media?parent=3160"}],"curies":[{"name":"wp","href":"https:\/\/api.w.org\/{rel}","templated":true}]}}