{"id":2955,"date":"2023-03-16T19:29:16","date_gmt":"2023-03-16T16:29:16","guid":{"rendered":"https:\/\/bolez.com.tr\/?page_id=2955"},"modified":"2023-04-25T18:15:18","modified_gmt":"2023-04-25T15:15:18","slug":"aydinlatma-metni","status":"publish","type":"page","link":"https:\/\/bolez.com.tr\/en\/aydinlatma-metni\/","title":{"rendered":"Clarification Text"},"content":{"rendered":"<div data-elementor-type=\"wp-page\" data-elementor-id=\"2955\" class=\"elementor elementor-2955\">\n\t\t\t\t<div class=\"elementor-element elementor-element-cec2a44 e-con-full e-flex e-con e-parent\" data-id=\"cec2a44\" data-element_type=\"container\" data-e-type=\"container\">\n\t\t\t\t<div class=\"elementor-element elementor-element-f8242d9 elementor-widget elementor-widget-image\" data-id=\"f8242d9\" data-element_type=\"widget\" data-e-type=\"widget\" data-widget_type=\"image.default\">\n\t\t\t\t<div class=\"elementor-widget-container\">\n\t\t\t\t\t\t\t\t\t\t\t\t\t\t\t<img fetchpriority=\"high\" decoding=\"async\" width=\"1409\" height=\"313\" src=\"https:\/\/bolez.com.tr\/wp-content\/uploads\/2023\/01\/Bolez-Hakkimizda.jpg\" class=\"attachment-full size-full wp-image-2140\" alt=\"\" srcset=\"https:\/\/bolez.com.tr\/wp-content\/uploads\/2023\/01\/Bolez-Hakkimizda.jpg 1409w, https:\/\/bolez.com.tr\/wp-content\/uploads\/2023\/01\/Bolez-Hakkimizda-300x67.jpg 300w, https:\/\/bolez.com.tr\/wp-content\/uploads\/2023\/01\/Bolez-Hakkimizda-1024x227.jpg 1024w, https:\/\/bolez.com.tr\/wp-content\/uploads\/2023\/01\/Bolez-Hakkimizda-768x171.jpg 768w\" sizes=\"(max-width: 1409px) 100vw, 1409px\" \/>\t\t\t\t\t\t\t\t\t\t\t\t\t\t\t<\/div>\n\t\t\t\t<\/div>\n\t\t\t\t<\/div>\n\t\t<div class=\"elementor-element elementor-element-3b53496 e-flex e-con-boxed e-con e-parent\" data-id=\"3b53496\" data-element_type=\"container\" data-e-type=\"container\">\n\t\t\t\t\t<div class=\"e-con-inner\">\n\t\t\t\t<div class=\"elementor-element elementor-element-add14a2 elementor-widget elementor-widget-text-editor\" data-id=\"add14a2\" data-element_type=\"widget\" data-e-type=\"widget\" data-widget_type=\"text-editor.default\">\n\t\t\t\t<div class=\"elementor-widget-container\">\n\t\t\t\t\t\t\t\t\t<p><b>Clarification Text<\/b><\/p><p><span style=\"font-weight: 400;\">Last updated: 18.01.2023<\/span><\/p><ol><li><b>a) Data Controller<\/b><\/li><\/ol><p><span style=\"font-weight: 400;\">This Customer Disclosure Text, Data Officer EGE-TAV EGE AGRICULTURE LIVE - STOCK INVESTMENT INDUSTRY Inc. (hereinafter referred to as the \"Company\".) has been prepared to inform customers whose personal data are processed within the scope of the disclosure obligation in Article 10 of the Personal Data Protection Law No. 6698 (hereinafter referred to as \"LPPD\") and other relevant legislation.\u00a0<\/span><\/p><ol><li><b>b) The Purpose of Processing Personal Data and Legal Reasons<\/b><\/li><\/ol><p><span style=\"font-weight: 400;\">The personal data of the customers who supply the company products, the employees of these customers in operations such as transportation and production, their officials and the consumers who use the company products constitute the subject of the Customer Disclosure Notice. Identity, communication, finance, customer transactions and data of the mentioned persons are processed within the scope of the following purposes and based on the legal reasons stated.<\/span><\/p><table><tbody><tr><td>\u00a0<\/td><\/tr><\/tbody><\/table><p>\u00a0<\/p><table><tbody><tr><td><p><span style=\"font-weight: 400;\">Goal<\/span><\/p><\/td><td><p><span style=\"font-weight: 400;\">Legal Reason<\/span><\/p><\/td><\/tr><tr><td><p><span style=\"font-weight: 400;\">Execution of finance and accounting processes in accordance with financial legislation.<\/span><\/p><\/td><td><p><span style=\"font-weight: 400;\">LPPD 5 (2) a: It is clearly stipulated in the laws.<\/span><\/p><p><span style=\"font-weight: 400;\">LPPD 5 (2) \u00e7: It is mandatory for the data controller to fulfill its legal obligation.<\/span><\/p><\/td><\/tr><tr><td><p><span style=\"font-weight: 400;\">Execution of financial and accounting works related to receipt and follow-up of payments,<\/span><\/p><p><span style=\"font-weight: 400;\">Keeping written records for use in legal processes,<\/span><\/p><p><span style=\"font-weight: 400;\">Execution of sales transactions and logistics activities.<\/span><\/p><\/td><td><p><span style=\"font-weight: 400;\">LPPD 5 (2) : It is necessary to process the personal data of the parties to the contract, provided that it is directly related to the establishment or performance of a contract.<\/span><\/p><\/td><\/tr><tr><td><ul><li style=\"font-weight: 400;\" aria-level=\"1\"><span style=\"font-weight: 400;\">Carrying out activities for customer satisfaction by evaluating the comments, requests and complaints received through social media channels and other digital platforms,<\/span><\/li><\/ul><p><span style=\"font-weight: 400;\">Organizing raffles and other events through social media channels and other digital platforms.<\/span><\/p><\/td><td><p><span style=\"font-weight: 400;\">LPPD 5 (2) d: The person concerned has been made public by herself\/himself<\/span><\/p><\/td><\/tr><\/tbody><\/table><ol><li><b>c) Collection Method of Personal Data<\/b><\/li><\/ol><p><span style=\"font-weight: 400;\">Your personal data, in order to fulfill the purposes specified in the title (b) of the Customer Clarification Text;<\/span><\/p><ul><li style=\"font-weight: 400;\" aria-level=\"1\"><span style=\"font-weight: 400;\">Within the scope of the performance of the contract, it is communicated to the Company by our customer and\/or by the supplier of our customer, through printed\/electronic media.<\/span><\/li><li style=\"font-weight: 400;\" aria-level=\"1\"><span style=\"font-weight: 400;\">Talep ve \u015fikayet s\u00fcre\u00e7lerinin y\u00fcr\u00fct\u00fclmesi, m\u00fc\u015fteri memnuniyetinin sa\u011flanmas\u0131 ama\u00e7lar\u0131yla zincir marketlerden, kurumsal sosyal medya hesaplar\u0131m\u0131zdan, kurumsal internet sitemiz \u00fczerinden, \u00e7a\u011fr\u0131 merkezi \u00fczerinden bas\u0131l\u0131\/elektronik ortamlar yoluyla \u015eirkete iletilmektedir.<\/span><\/li><li style=\"font-weight: 400;\" aria-level=\"1\"><span style=\"font-weight: 400;\">-<\/span><\/li><\/ul><ol><li><b>d) To Whom and For What Purpose the Processed Personal Data Can Be Transferred<\/b><\/li><\/ol><p><span style=\"font-weight: 400;\">Your personal data will be transferred without your explicit consent in accordance with Articles 8 (2) (a) of the LPPD for the purposes stated below, in connection with the purpose of processing, in a proportional and limited manner:<\/span><\/p><ul><li><span style=\"font-weight: 400;\"> *It will be transferred to the contracted transport company for the execution of logistics processes and to the Provincial and District Directorates of Agriculture due to legal obligations.<\/span><\/li><li><span style=\"font-weight: 400;\"> *It will be transferred to the contracted customs company in order to carry out the logistics processes in international sales.<\/span><\/li><li><span style=\"font-weight: 400;\"> *In case of customer satisfaction, it will be transferred to our dealers if necessary.<\/span><\/li><li><span style=\"font-weight: 400;\"> *It will be transferred to the agency with which we have an agreement regarding the execution of social media management.<\/span><\/li><li><span style=\"font-weight: 400;\"> *It will be transferred to the contracted audit firm within the scope of the execution of audit\/ethical activities.<\/span><\/li><li><span style=\"font-weight: 400;\"> *It will be transferred to the Revenue Administration for the purposes of fulfilling legal obligations, carrying out financial and accounting works.<\/span><\/li><li><span style=\"font-weight: 400;\"> *In case of legal dispute, it will be transferred to our Lawyers for the purpose of executing the disputes.<\/span><\/li><\/ul><ol start=\"11\"><li><b>e) Your Rights Under Article 11 of LPPD<\/b><\/li><\/ol><p><span style=\"font-weight: 400;\">Your personal data will be transferred without your explicit consent in accordance with Articles 8 (2) (a) of the LPPD for the purposes stated below, in connection with the purpose of processing, in a proportional and limited manner:<\/span><\/p><ul><li><span style=\"font-weight: 400;\"> By personally coming to our Company at Kaz\u0131mdirik Mahallesi 296 Sokak No:8 Folkart Time 1st Block 1st Floor Door No: 103-104-105-106-107- 108-109 Bornova\/\u0130zmir,<\/span><\/li><li><span style=\"font-weight: 400;\"> Via our registered e-mail (KEP) address as egetav@hs03.kep.tr,<\/span><\/li><li><span style=\"font-weight: 400;\"> * In order to identify your identity and not to inform the wrong people, in writing, through a notary public or by registered mail with return receipt,<\/span><\/li><li><span style=\"font-weight: 400;\"> *You can send it by sending an e-mail to kvkk@ege-tav.com.tr using secure electronic signature, mobile signature or (if any) the e-mail address already notified to our Company and registered in our systems, or by other methods to be determined by the Board in the future.<\/span><\/li><\/ul><p><b>WEBSITE CLARIFICATION TEXT<\/b><\/p><p><span style=\"font-weight: 400;\">Last updated: 18.01.2023<\/span><\/p><ol><li><b>a) Data Controller<\/b><\/li><\/ol><p class=\"translation-block\">EGE-TAV EGE AGRICULTURE LIVE STOCK INVESTMENT TRADE AND INDUSTRY INC. (Hereinafter referred to as the \"Company\".) https:\/\/bolez.com.tr\/ and the Dealer Portal, which you can access through this Site, your personal data can be submitted to the Personal Data Protection Law No. 6698 (hereinafter referred to as \"LPPD\"). and other relevant legislation, we inform you that we are processing it as a data controller.<\/p><ol><li><b>b) For What Purpose Personal Data Will Be Processed\u00a0<\/b><\/li><li class=\"translation-block\">1.\tSharing news and announcements: The content of these shares, prepared by our marketing team, may include details about your visual and audio data, your name, title and the institutions you work for or represent. Before sharing the content, we obtain explicit consent from the relevant persons.<\/li><li class=\"translation-block\">2.\tReferral to our corporate social media accounts: We do not collect any personal data during the referral process. However, if you like or comment on our posts by accessing our social media accounts, they will be processed based on the legal reason \"d) The person concerned has been made public\" in Article 5\/2 of the LPPD. If you send a private message to us, these messages will not be disclosed to the public. In the process of evaluating and responding to your messages, the legal reason \"e) Data processing is mandatory for the establishment, exercise or protection of a right\" in the same article of LPPD<\/li><li class=\"translation-block\">3.\tMaking referrals to online marketplaces we are a member of: We do not collect any personal data during this process.<\/li><li class=\"translation-block\">Announcing our contact addresses: We do not collect any personal data through the Site during this process. However, if you contact us via the contact addresses we have announced, the content of your communication and your requests will not be transferred to any third party, and based on the legal reason \"e) Data processing is mandatory for the establishment, exercise or protection of a right\" in Article 5\/2 of the LPPD. is processed.<\/li><li class=\"translation-block\">Managing our dealer network: Our dealer portal only contains information about the product stocks of our dealers. There is no personal data of any related person other than dealers here. While processing the personal data of the dealers, it is based on the legal reason \"c) It is necessary to process the personal data of the parties to the contract, provided that it is directly related to the establishment or performance of a contract\" in Article 5\/2 of the LPPD. We declare that this data is not transferred to third parties.<\/li><li class=\"translation-block\">Referring to the appropriate application channels for job applications: We do not collect any personal data through the Site during this process. Persons who want to work in the company can apply through the contact address specified on the Site or through the third-party career portals to which they are directed. In the process of collecting and evaluating job applications, it is based on the legal reason \"c) It is necessary to process the personal data of the parties of the contract, provided that it is directly related to the establishment or performance of a contract\" in Article 5\/2 of the LPPD and the application records are not transferred to third parties.<\/li><li class=\"translation-block\">To make and improve the site user-friendly: We use cookie data for this purpose. Cookies are small text files, mostly letters or numbers, that are stored on your device when you visit a website and allow this device to be detected. While processing this data, it is based on the legal reason \"f) It is mandatory to process data for the legitimate interests of the data controller, provided that it does not harm the fundamental rights and freedoms of the data subject\" in Article 5\/2 of the KVKK.<\/li><li class=\"translation-block\">8.\tPromote products: We use third-party cookie data in this process. Thanks to the relevant cookies, it is aimed to present appropriate promotional content to internet users who may be interested in our products and services. The cookie data we collect in this process consists of demographic information such as the pages you visit on the Site, the hours and duration of your visit, the city you connect to, the search engine you access the Site, gender and age, and this information does not contain any data that makes your identity identifiable. During this process, where we use Google Analytics and Meta technologies, we rely on your express consent in the processing of your cookie data. We remind you that we have limited responsibility in the operation of the solutions offered by Google Analytics and Meta technologies, and we do not have the ability to interfere with the working principles of these technologies.<\/li><li><b>e) Your Rights Under Article 11 of LPPD<\/b><\/li><\/ol><p><span style=\"font-weight: 400;\">Within the scope of Article 11 of the LPPD, you have rights as a data owner, and fill in all the fields specified in the Relevant Person Application Form, which you can preferably access via the Site, and fill in the Article 11 and paragraph 1 of Article 13 of the LPPD and the Application Procedure and Application to the Data Controller. Pursuant to the Communiqu\u00e9 on its Principles,<\/span><\/p><ol><li><span style=\"font-weight: 400;\"> 1. Kaz\u0131mdirik Mahallesi 296 Sokak No:8 Folkart Time 1. Blok 1. Floor Door No: 103-104-105-106-107-108-109 Bornova\/\u0130zmir by personally coming to our Company,<\/span> <span style=\"font-weight: 400;\"><br \/><\/span><span style=\"font-weight: 400;\">2. Via our registered e-mail (KEP) address as egetav@hs03.kep.tr,<\/span> <span style=\"font-weight: 400;\"><br \/><\/span><span style=\"font-weight: 400;\">3. In order to be able to identify and not give information to the wrong people, in writing, through a notary public or by registered letter with return receipt,<\/span> <span style=\"font-weight: 400;\"><br \/><\/span><span style=\"font-weight: 400;\">4. By sending an e-mail to kvkk@ege-tav.com.tr using secure electronic signature, mobile signature or (if any) the e-mail address that you have already notified to our Company and registered in our systems, or 5. To be determined by the Personal Data Protection Board in the future. You can send it by other methods.<\/span><\/li><\/ol>\t\t\t\t\t\t\t\t<\/div>\n\t\t\t\t<\/div>\n\t\t\t\t\t<\/div>\n\t\t\t\t<\/div>\n\t\t\t\t<\/div>","protected":false},"excerpt":{"rendered":"<p>M\u00dc\u015eTER\u0130 AYDINLATMA METN\u0130 Son g\u00fcncelleme: 18.01.2023 a) Veri Sorumlusu \u0130\u015fbu M\u00fc\u015fteri Ayd\u0131nlatma Metni, Veri Sorumlusu EGE-TAV EGE TARIM HAYVANCILIK YATIRIM T\u0130C.VE SAN. A.\u015e. (Bundan sonra \u201c\u015eirket\u201d olarak an\u0131lacakt\u0131r.) taraf\u0131ndan ki\u015fisel verileri i\u015flenen m\u00fc\u015fterileri 6698 say\u0131l\u0131 Ki\u015fisel Verilerin Korunmas\u0131 Kanunu (Bundan sonra \u201cKVKK\u201d olarak an\u0131lacakt\u0131r.) \u2018nun 10\u2019uncu maddesinde yer alan ayd\u0131nlatma y\u00fck\u00fcml\u00fcl\u00fc\u011f\u00fc ve ilgili sair mevzuat [&hellip;]<\/p>\n","protected":false},"author":2,"featured_media":0,"parent":0,"menu_order":0,"comment_status":"closed","ping_status":"closed","template":"","meta":{"footnotes":""},"class_list":["post-2955","page","type-page","status-publish","hentry"],"blocksy_meta":{"styles_descriptor":{"styles":{"desktop":"","tablet":"","mobile":""},"google_fonts":[],"version":6},"page_title_panel":"","has_hero_section":"disabled","3201775c7a89f86aba9304648fa69a21":"","hero_section":"type-1","hero_elements":[{"id":"custom_title","enabled":true,"heading_tag":"h1","title":"Home"},{"id":"custom_description","enabled":true,"description_visibility":{"desktop":true,"tablet":true,"mobile":false}},{"id":"custom_meta","enabled":false,"meta_elements":[{"id":"author","enabled":true,"label":"By","has_author_avatar":"yes","avatar_size":25},{"id":"post_date","enabled":true,"label":"On","date_format_source":"default","date_format":"M j, Y"},{"id":"updated_date","enabled":false,"label":"On","date_format_source":"default","date_format":"M j, Y"},{"id":"categories","enabled":false,"label":"In","style":"simple"},{"id":"comments","enabled":true}],"page_meta_elements":{"joined":true,"articles_count":true,"comments":true}},{"id":"breadcrumbs","enabled":false}],"da746116d3fe440e35a74c03a9c832b1":"","hero_alignment1":"CT_CSS_SKIP_RULE","hero_margin":40,"hero_alignment2":"center","hero_vertical_alignment":"center","181975454d8aa2ae1f97052623cb31d0":"","hero_structure":"narrow","5f258d58f59c137d3dd2dfc011969628":"","page_title_bg_type":"featured_image","custom_hero_background":{"attachment_id":null},"page_title_image_size":"full","parallax":{"desktop":false,"tablet":false,"mobile":false},"83307eb1ca60fafc26c84edbff840c69":"","hero_height":"250px","pageTitleFont":{"family":"Default","variation":"Default","size":"30px","line-height":"CT_CSS_SKIP_RULE","letter-spacing":"CT_CSS_SKIP_RULE","text-transform":"CT_CSS_SKIP_RULE","text-decoration":"CT_CSS_SKIP_RULE"},"pageTitleFontColor":{"default":{"color":"CT_CSS_SKIP_RULEDEFAULT"}},"pageMetaFont":{"family":"Default","variation":"n6","size":"12px","line-height":"1.3","letter-spacing":"CT_CSS_SKIP_RULE","text-transform":"uppercase","text-decoration":"CT_CSS_SKIP_RULE"},"pageMetaFontColor":{"default":{"color":"CT_CSS_SKIP_RULEDEFAULT"},"hover":{"color":"CT_CSS_SKIP_RULEDEFAULT"}},"page_meta_button_type_font_colors":{"default":{"color":"CT_CSS_SKIP_RULEDEFAULT"},"hover":{"color":"CT_CSS_SKIP_RULEDEFAULT"}},"page_meta_button_type_background_colors":{"default":{"color":"CT_CSS_SKIP_RULEDEFAULT"},"hover":{"color":"CT_CSS_SKIP_RULEDEFAULT"}},"pageExcerptFont":{"family":"Default","variation":"Default","size":"CT_CSS_SKIP_RULE","line-height":"CT_CSS_SKIP_RULE","letter-spacing":"CT_CSS_SKIP_RULE","text-transform":"CT_CSS_SKIP_RULE","text-decoration":"CT_CSS_SKIP_RULE"},"pageExcerptColor":{"default":{"color":"CT_CSS_SKIP_RULEDEFAULT"}},"breadcrumbsFont":{"family":"Default","variation":"Default","size":"CT_CSS_SKIP_RULE","line-height":"CT_CSS_SKIP_RULE","letter-spacing":"CT_CSS_SKIP_RULE","text-transform":"CT_CSS_SKIP_RULE","text-decoration":"CT_CSS_SKIP_RULE"},"breadcrumbsFontColor":{"default":{"color":"CT_CSS_SKIP_RULEDEFAULT"},"initial":{"color":"CT_CSS_SKIP_RULEDEFAULT"},"hover":{"color":"CT_CSS_SKIP_RULEDEFAULT"}},"pageTitleOverlay":{"background_type":"color","background_pattern":"type-1","background_image":{"attachment_id":null,"x":0,"y":0},"gradient":"linear-gradient(135deg,rgba(6,147,227,1) 0%,rgb(155,81,224) 100%)","background_repeat":"repeat","background_size":"auto","background_attachment":"scroll","patternColor":{"default":{"color":"#e5e7ea"}},"overlayColor":{"default":{"color":"CT_CSS_SKIP_RULE"}},"backgroundColor":{"default":{"color":"CT_CSS_SKIP_RULE"}}},"pageTitleBackground":{"background_type":"color","background_pattern":"type-1","background_image":{"attachment_id":null,"x":0,"y":0},"gradient":"linear-gradient(135deg,rgba(6,147,227,1) 0%,rgb(155,81,224) 100%)","background_repeat":"repeat","background_size":"auto","background_attachment":"scroll","patternColor":{"default":{"color":"#e5e7ea"}},"overlayColor":{"default":{"color":"CT_CSS_SKIP_RULE"}},"backgroundColor":{"default":{"color":"var(--theme-palette-color-6)"}}},"pageTitlePadding":{"top":"50px","bottom":"50px","left":"auto","right":"auto","linked":true},"57b62c439ba492c8268ac3d84ffa8526":"","page_structure_type":"default","9a0b858fa1ae3dcedd9d6fe6408184fa":"","content_style_source":"inherit","content_style":"wide","vertical_spacing_source":"custom","content_area_spacing":"both","background":{"background_type":"color","background_pattern":"type-1","background_image":{"attachment_id":null,"x":0,"y":0},"gradient":"linear-gradient(135deg,rgba(6,147,227,1) 0%,rgb(155,81,224) 100%)","background_repeat":"repeat","background_size":"auto","background_attachment":"scroll","patternColor":{"default":{"color":"#e5e7ea"}},"overlayColor":{"default":{"color":"CT_CSS_SKIP_RULE"}},"backgroundColor":{"default":{"color":"CT_CSS_SKIP_RULE"}}},"content_background":{"background_type":"color","background_pattern":"type-1","background_image":{"attachment_id":null,"x":0,"y":0},"gradient":"linear-gradient(135deg,rgba(6,147,227,1) 0%,rgb(155,81,224) 100%)","background_repeat":"repeat","background_size":"auto","background_attachment":"scroll","patternColor":{"default":{"color":"#e5e7ea"}},"overlayColor":{"default":{"color":"CT_CSS_SKIP_RULE"}},"backgroundColor":{"default":{"color":"var(--theme-palette-color-8)"}}},"content_boxed_shadow":{"inherit":false,"blur":18,"spread":-6,"v_offset":12,"h_offset":0,"inset":false,"enable":true,"color":{"color":"rgba(34, 56, 101, 0.04)"}},"content_boxed_border":{"width":1,"style":"none","color":{"color":"rgba(44,62,80,0.2)"}},"content_boxed_radius":{"top":"3px","bottom":"3px","left":"3px","right":"3px","linked":true},"boxed_content_spacing":{"desktop":{"top":"40px","bottom":"40px","left":"40px","right":"40px","linked":true},"tablet":{"top":"35px","bottom":"35px","left":"35px","right":"35px","linked":true},"mobile":{"top":"20px","bottom":"20px","left":"20px","right":"20px","linked":true}},"b6048bdb9d19203e75d1e3235c05305b":"","disable_featured_image":"no","disable_share_box":"no","disable_header":"no","disable_footer":"no"},"_links":{"self":[{"href":"https:\/\/bolez.com.tr\/en\/wp-json\/wp\/v2\/pages\/2955","targetHints":{"allow":["GET"]}}],"collection":[{"href":"https:\/\/bolez.com.tr\/en\/wp-json\/wp\/v2\/pages"}],"about":[{"href":"https:\/\/bolez.com.tr\/en\/wp-json\/wp\/v2\/types\/page"}],"author":[{"embeddable":true,"href":"https:\/\/bolez.com.tr\/en\/wp-json\/wp\/v2\/users\/2"}],"replies":[{"embeddable":true,"href":"https:\/\/bolez.com.tr\/en\/wp-json\/wp\/v2\/comments?post=2955"}],"version-history":[{"count":0,"href":"https:\/\/bolez.com.tr\/en\/wp-json\/wp\/v2\/pages\/2955\/revisions"}],"wp:attachment":[{"href":"https:\/\/bolez.com.tr\/en\/wp-json\/wp\/v2\/media?parent=2955"}],"curies":[{"name":"wp","href":"https:\/\/api.w.org\/{rel}","templated":true}]}}